{"id":9,"date":"2016-11-01T15:39:26","date_gmt":"2016-11-01T15:39:26","guid":{"rendered":"http:\/\/myhealthcoaching.de\/?page_id=9"},"modified":"2019-07-03T23:43:43","modified_gmt":"2019-07-03T23:43:43","slug":"aboutme-2","status":"publish","type":"page","link":"https:\/\/myhealthcoaching.de\/fr\/aboutme-2","title":{"rendered":"\u00c1 propos de moi"},"content":{"rendered":"<p><div class=\"fusion-fullwidth fullwidth-box fusion-builder-row-1 nonhundred-percent-fullwidth non-hundred-percent-height-scrolling\" style=\"--awb-border-radius-top-left:0px;--awb-border-radius-top-right:0px;--awb-border-radius-bottom-right:0px;--awb-border-radius-bottom-left:0px;--awb-flex-wrap:wrap;\" ><div class=\"fusion-builder-row fusion-row\"><div class=\"fusion-layout-column fusion_builder_column fusion-builder-column-0 fusion_builder_column_1_2 1_2 fusion-one-half fusion-column-first\" style=\"--awb-padding-top:100px;--awb-padding-right:40px;--awb-padding-bottom:40px;--awb-bg-size:cover;width:50%;width:calc(50% - ( ( 4% ) * 0.5 ) );margin-right: 4%;\"><div class=\"fusion-column-wrapper fusion-flex-column-wrapper-legacy\"><div class=\"fusion-image-element in-legacy-container\" style=\"--awb-caption-title-font-family:var(--h2_typography-font-family);--awb-caption-title-font-weight:var(--h2_typography-font-weight);--awb-caption-title-font-style:var(--h2_typography-font-style);--awb-caption-title-size:var(--h2_typography-font-size);--awb-caption-title-transform:var(--h2_typography-text-transform);--awb-caption-title-line-height:var(--h2_typography-line-height);--awb-caption-title-letter-spacing:var(--h2_typography-letter-spacing);\"><span class=\" fusion-imageframe imageframe-none imageframe-1 hover-type-none\"><img decoding=\"async\" width=\"600\" height=\"400\" title=\"_MG_0122C\" src=\"http:\/\/myhealthcoaching.de\/wp-content\/uploads\/2018\/01\/MG_0122C-600x400.jpg\" alt class=\"img-responsive wp-image-740\" srcset=\"https:\/\/myhealthcoaching.de\/wp-content\/uploads\/2018\/01\/MG_0122C-200x133.jpg 200w, https:\/\/myhealthcoaching.de\/wp-content\/uploads\/2018\/01\/MG_0122C-400x267.jpg 400w, https:\/\/myhealthcoaching.de\/wp-content\/uploads\/2018\/01\/MG_0122C-600x400.jpg 600w, https:\/\/myhealthcoaching.de\/wp-content\/uploads\/2018\/01\/MG_0122C.jpg 800w\" sizes=\"(max-width: 1009px) 100vw, 600px\" \/><\/span><\/div><div class=\"fusion-clearfix\"><\/div><\/div><\/div><div class=\"fusion-layout-column fusion_builder_column fusion-builder-column-1 fusion_builder_column_1_2 1_2 fusion-one-half fusion-column-last\" style=\"--awb-bg-size:cover;width:50%;width:calc(50% - ( ( 4% ) * 0.5 ) );\"><div class=\"fusion-column-wrapper fusion-flex-column-wrapper-legacy\"><div class=\"fusion-sep-clear\"><\/div><div class=\"fusion-separator fusion-full-width-sep\" style=\"margin-left: auto;margin-right: auto;margin-bottom:20px;width:100%;\"><div class=\"fusion-separator-border sep-double\" style=\"--awb-height:20px;--awb-amount:20px;border-color:#e0dede;border-top-width:0px;border-bottom-width:0px;\"><\/div><\/div><div class=\"fusion-sep-clear\"><\/div><div class=\"fusion-title title fusion-title-1 fusion-sep-none fusion-title-text fusion-title-size-one\"><h1 class=\"fusion-title-heading title-heading-left fusion-responsive-typography-calculated\" style=\"margin:0;--fontSize:54;line-height:1.6;\"><h1>MARTINA SCHL\u00dcTER<\/h1><\/h1><\/div><div class=\"fusion-text fusion-text-1\"><h3>Coach de Sant\u00e9 Holistique<\/h3>\n<p><em>Int\u00e9grative Nutrition Coaching Sant\u00e9<\/em><br \/>\n<em>Sat Nam Rasayan &#038; M\u00e9ditation<\/em><\/p>\n<\/div><div class=\"fusion-sep-clear\"><\/div><div class=\"fusion-separator fusion-full-width-sep\" style=\"margin-left: auto;margin-right: auto;margin-bottom:20px;width:100%;\"><div class=\"fusion-separator-border sep-double\" style=\"--awb-height:20px;--awb-amount:20px;border-color:#e0dede;border-top-width:0px;border-bottom-width:0px;\"><\/div><\/div><div class=\"fusion-sep-clear\"><\/div><div class=\"fusion-text fusion-text-2\"><p>Au cours des 12 derni\u00e8res ann\u00e9es, j&rsquo;ai exp\u00e9riment\u00e9 et appris l&rsquo;efficacit\u00e9 et la structure de nombreuses m\u00e9thodes de th\u00e9rapie et de coaching dans le domaine du d\u00e9veloppement de la personnalit\u00e9, de l&rsquo;auto-gu\u00e9rison, de la th\u00e9rapie traumatologique et du travail corporel.\u00a0En voyageant \u00e0 travers le monde, l&rsquo;Inde, le Myanmar, le Br\u00e9sil, les \u00c9tats-Unis et l&rsquo;Europe, j&rsquo;ai pu conna\u00eetre le travail de certains coachs exp\u00e9rimentes et des gu\u00e9risseurs reconnus par leur efficacit\u00e9. En compl\u00e9ment de mes comp\u00e9tences th\u00e9rapeutiques, je me suis orient\u00e9e vers la gu\u00e9rison par la m\u00e9ditation (<b>Sat<\/b> <b>Nam<\/b> <b>Rasayan<\/b>\u00ae). Cette derni\u00e8re forme de pratique ancienne par la m\u00e9ditation a eu un effet durable sur ma vie.<\/p>\n<p>Dans ma formation en tant <strong>que coach de sant\u00e9 holistique certifi\u00e9 par l&rsquo;Institut de Nutrition Integrative \u00e0 New York,<\/strong>\u00a0j&rsquo;ai appris des m\u00e9thodes de coaching innovantes, des techniques pratiques de gestion du style de vie et plus de 100 concepts nutritionnels &#8211; Ayurveda, Sans Gluten, Pal\u00e9o, Aliments crus, V\u00e9g\u00e9taliens, Macrobiotiques et tout le reste.<\/p>\n<p>Par le pass\u00e9, j&rsquo;ai travaill\u00e9 pendant de nombreuses ann\u00e9es en tant que directrice de communication et je suis co-fondatrice de la marque AETEM qui d\u00e9veloppe des activit\u00e9s de sports en plein air. Je pratique r\u00e9guli\u00e8rement le sport, le Hatha Yoga et Kundalini Yoga, je suis passionn\u00e9 par la bonne nourriture et un mode de vie sain.<\/p>\n<p>La conscience de soi est une base essentielle pour une coop\u00e9ration authentique. Je m&rsquo;engage \u00e0 \u00eatre \u00e0 l&rsquo;\u00e9coute de mes clients avec une attention particuli\u00e8re et dans le respect de la confidentialit\u00e9 des propos et des \u00e9crits.<\/p>\n<\/div><div class=\"fusion-sep-clear\"><\/div><div class=\"fusion-separator fusion-full-width-sep\" style=\"margin-left: auto;margin-right: auto;margin-bottom:40px;width:100%;\"><div class=\"fusion-separator-border sep-double\" style=\"--awb-height:20px;--awb-amount:20px;border-color:#e0dede;border-top-width:0px;border-bottom-width:0px;\"><\/div><\/div><div class=\"fusion-sep-clear\"><\/div><div class=\"fusion-clearfix\"><\/div><\/div><\/div><\/div><\/div><div class=\"fusion-fullwidth fullwidth-box fusion-builder-row-2 nonhundred-percent-fullwidth non-hundred-percent-height-scrolling\" style=\"--awb-border-radius-top-left:0px;--awb-border-radius-top-right:0px;--awb-border-radius-bottom-right:0px;--awb-border-radius-bottom-left:0px;--awb-background-color:rgba(234,234,234,0);--awb-flex-wrap:wrap;\" ><div class=\"fusion-builder-row fusion-row\"><div class=\"fusion-layout-column fusion_builder_column fusion-builder-column-2 fusion_builder_column_1_5 1_5 fusion-one-fifth fusion-column-first\" style=\"--awb-bg-size:cover;width:20%;width:calc(20% - ( ( 4% + 4% ) * 0.2 ) );margin-right: 4%;\"><div class=\"fusion-column-wrapper fusion-flex-column-wrapper-legacy\"><div class=\"fusion-clearfix\"><\/div><\/div><\/div><div class=\"fusion-layout-column fusion_builder_column fusion-builder-column-3 fusion_builder_column_3_5 3_5 fusion-three-fifth\" style=\"--awb-bg-size:cover;width:60%;width:calc(60% - ( ( 4% + 4% ) * 0.6 ) );margin-right: 4%;\"><div class=\"fusion-column-wrapper fusion-flex-column-wrapper-legacy\"><div class=\"fusion-tabs fusion-tabs-1 clean nav-is-justified horizontal-tabs icon-position-top mobile-mode-accordion\" style=\"--awb-title-border-radius-top-left:0px;--awb-title-border-radius-top-right:0px;--awb-title-border-radius-bottom-right:0px;--awb-title-border-radius-bottom-left:0px;--awb-inactive-color:#ffffff;--awb-background-color:#ffffff;--awb-border-color:#353535;--awb-active-border-color:#2cddbd;\"><div class=\"nav\"><ul class=\"nav-tabs nav-justified\" role=\"tablist\"><li class=\"active\" role=\"presentation\"><a class=\"tab-link\" data-toggle=\"tab\" role=\"tab\" aria-controls=\"tab-8e6615073cdddfce171\" aria-selected=\"true\" id=\"fusion-tab-\u00c9ducationetformation\" href=\"#tab-8e6615073cdddfce171\"><h4 class=\"fusion-tab-heading\">\u00c9ducation et Formation<\/h4><\/a><\/li><li role=\"presentation\"><a class=\"tab-link\" data-toggle=\"tab\" role=\"tab\" aria-controls=\"tab-476e2adba7de33bad54\" aria-selected=\"false\" tabindex=\"-1\" id=\"fusion-tab-m\u00e9thodesdetravail\" href=\"#tab-476e2adba7de33bad54\"><h4 class=\"fusion-tab-heading\">M\u00e9thodes de travail<\/h4><\/a><\/li><\/ul><\/div><div class=\"tab-content\"><div class=\"nav fusion-mobile-tab-nav\"><ul class=\"nav-tabs nav-justified\" role=\"tablist\"><li class=\"active\" role=\"presentation\"><a class=\"tab-link\" data-toggle=\"tab\" role=\"tab\" aria-controls=\"tab-8e6615073cdddfce171\" aria-selected=\"true\" id=\"mobile-fusion-tab-\u00c9ducationetformation\" href=\"#tab-8e6615073cdddfce171\"><h4 class=\"fusion-tab-heading\">\u00c9ducation et Formation<\/h4><\/a><\/li><\/ul><\/div><div class=\"tab-pane fade fusion-clearfix in active\" role=\"tabpanel\" tabindex=\"0\" aria-labelledby=\"fusion-tab-\u00c9ducationetformation\" id=\"tab-8e6615073cdddfce171\">\n<div class=\"fusion-title title fusion-sep-none fusion-title-size-one fusion-border-below-title\">\n<h3 data-fontsize=\"18\" data-lineheight=\"26\">J&rsquo;\u00e9tais entre autres form\u00e9 par les experts suivants:<\/h3>\n<\/div>\n<div class=\"fusion-text\">\n<ul>\n<li><strong>Joshua Rosenthal<\/strong>,<em> Fondateur et Directeur de l&rsquo;Institut de Nutrition Int\u00e9grative (IIN)<\/em><\/li>\n<li><strong>Deepak Chopra<\/strong><strong>, MD<\/strong><em> gourou de la m\u00e9ditation, leader dans le domaine de la m\u00e9decine du corps et de l&rsquo;esprit (m\u00e9decine du corps de l&rsquo;esprit)<\/em><\/li>\n<li><strong>David Katz, MD, MPH<\/strong>,<em> Directeur du Centre de recherche pr\u00e9ventive de l&rsquo;Universit\u00e9 de Yale<\/em><\/li>\n<li><strong>Walter Willett, MD, DrPH<\/strong>,<em> Chaire de nutrition de l&rsquo;Universit\u00e9 Harvard<\/em><\/li>\n<li><strong>Andrew Weil, MD<\/strong>,<em> Directeur du Centre de m\u00e9decine int\u00e9grative de l&rsquo;Arizona<\/em><\/li>\n<li><strong>Guru Dev Singh<\/strong><em>, gu\u00e9risseur et professeur de Sat Nam Rasayan<\/em><\/li>\n<li><strong>Gabrielle Bernstein<\/strong>,<em> Best-seller auteur et coach de vie<\/em><\/li>\n<li><strong>Susan Blum, MD, MPH<\/strong>,<em> Professeur adjoint de clinique de l&rsquo;\u00e9cole m\u00e9dicale Mount Sinai<\/em><\/li>\n<li><strong>Mark Hyman, MD<\/strong>,<em> Fondateur du Centre UltraWellness<\/em><\/li>\n<li><strong>Geneen Roth<\/strong>,<em> pionnier dans le domaine de \u00ab\u00a0Emotional Food and Empowerment\u00a0\u00bb, best-seller auteur<\/em><\/li>\n<li><strong>David Wolfe<\/strong><em>, expert en alimentation crue et nutrition<\/em><\/li>\n<li><strong>Marion Nestle, PhD, MPH<\/strong>,<em> Professeur de nutrition, de recherche alimentaire et de sant\u00e9 publique \u00e0 l&rsquo;Universit\u00e9 de New York<\/em><\/li>\n<li><strong>Mark Bittman<\/strong><em>, auteur de The New York Times Food et best-seller auteur<\/em><\/li>\n<li><strong>Joel Fuhrman, MD,<\/strong><em>\u00a0Th\u00e9rapeute familial et leader de la gu\u00e9rison nutritionnelle<br \/>\n<\/em><\/li>\n<li><strong>Matthew Hussey,<\/strong><em>\u00a0best-seller auteur et expert en relations<\/em><\/li>\n<li><strong>Teal Swan<\/strong>, <em>Traumatologue, professeur spirituel et coach intuitif<br \/>\n<\/em><\/li>\n<li><strong>Michael Wiegel<\/strong>,<em> Life Coach, inventeur de la m\u00e9thode Personal Brandbeat<\/em><\/li>\n<\/ul>\n<\/div>\n<\/div><div class=\"nav fusion-mobile-tab-nav\"><ul class=\"nav-tabs nav-justified\" role=\"tablist\"><li role=\"presentation\"><a class=\"tab-link\" data-toggle=\"tab\" role=\"tab\" aria-controls=\"tab-476e2adba7de33bad54\" aria-selected=\"false\" tabindex=\"-1\" id=\"mobile-fusion-tab-m\u00e9thodesdetravail\" href=\"#tab-476e2adba7de33bad54\"><h4 class=\"fusion-tab-heading\">M\u00e9thodes de travail<\/h4><\/a><\/li><\/ul><\/div><div class=\"tab-pane fade fusion-clearfix\" role=\"tabpanel\" tabindex=\"0\" aria-labelledby=\"fusion-tab-m\u00e9thodesdetravail\" id=\"tab-476e2adba7de33bad54\">\n<p class=\"text-align-center\" data-fontsize=\"26\" data-lineheight=\"36\">En passant par un programme personnalis\u00e9 qui sera bas\u00e9 sur\u00a0vos objectifs, je vous accompagne dans ce processus avec toute mon attention et mon exp\u00e9rience d&rsquo;une mani\u00e8re empathique et \u00e9quilibr\u00e9e. Mon travail consiste \u00e0 vous mettre en contact avec vos besoins actuels et \u00e0 savoir qu&rsquo;ils peuvent changer encore et encore.\u00a0Chacun a la capacit\u00e9 d&rsquo;\u00eatre son propre expert et gu\u00e9risseur: bas\u00e9 sur l&rsquo;intuition et la conscience de soi. C&rsquo;est le chemin vers la source de votre int\u00e9grit\u00e9 et de votre perfection naturelles.<\/p>\n<\/div><\/div><\/div><div class=\"fusion-clearfix\"><\/div><\/div><\/div><div class=\"fusion-layout-column fusion_builder_column fusion-builder-column-4 fusion_builder_column_1_5 1_5 fusion-one-fifth fusion-column-last\" style=\"--awb-bg-size:cover;width:20%;width:calc(20% - ( ( 4% + 4% ) * 0.2 ) );\"><div class=\"fusion-column-wrapper fusion-flex-column-wrapper-legacy\"><div class=\"fusion-clearfix\"><\/div><\/div><\/div><\/div><\/div><div class=\"fusion-fullwidth fullwidth-box fusion-builder-row-3 nonhundred-percent-fullwidth non-hundred-percent-height-scrolling\" style=\"--awb-border-radius-top-left:0px;--awb-border-radius-top-right:0px;--awb-border-radius-bottom-right:0px;--awb-border-radius-bottom-left:0px;--awb-margin-bottom:50px;--awb-background-color:#ffffff;--awb-flex-wrap:wrap;\" ><div class=\"fusion-builder-row fusion-row\"><div class=\"fusion-layout-column fusion_builder_column fusion-builder-column-5 fusion_builder_column_1_1 1_1 fusion-one-full fusion-column-first fusion-column-last\" style=\"--awb-bg-size:cover;\"><div class=\"fusion-column-wrapper fusion-flex-column-wrapper-legacy\"><div class=\"fusion-sep-clear\"><\/div><div class=\"fusion-separator fusion-full-width-sep\" style=\"margin-left: auto;margin-right: auto;margin-bottom:50px;width:100%;\"><div class=\"fusion-separator-border sep-double\" style=\"--awb-height:20px;--awb-amount:20px;border-color:#e0dede;border-top-width:0px;border-bottom-width:0px;\"><\/div><\/div><div class=\"fusion-sep-clear\"><\/div><div class=\"fusion-text fusion-text-3\"><h5 style=\"text-align: center;\" data-fontsize=\"24\" data-lineheight=\"33\">Contactez-moi pour vous offrir une<\/h5>\n<\/div><div class=\"fusion-aligncenter\"><a class=\"fusion-button button-flat button-large button-custom fusion-button-default button-1 fusion-button-default-span fusion-button-default-type\" style=\"--button_accent_color:#ffffff;--button_accent_hover_color:#ffffff;--button_border_hover_color:#ffffff;--button_border_width-top:0;--button_border_width-right:0;--button_border_width-bottom:0;--button_border_width-left:0;--button_gradient_top_color:#00e8b9;--button_gradient_bottom_color:#00e8b9;--button_gradient_top_color_hover:#000000;--button_gradient_bottom_color_hover:#000000;\" target=\"_self\" href=\"http:\/\/myhealthcoaching.de\/fr\/contact\"><span class=\"fusion-button-text\">PREMI\u00c8RE CONSULTATION<\/span><\/a><\/div><div class=\"fusion-sep-clear\"><\/div><div class=\"fusion-separator fusion-full-width-sep\" style=\"margin-left: auto;margin-right: auto;margin-bottom:50px;width:100%;\"><div class=\"fusion-separator-border sep-double\" style=\"--awb-height:20px;--awb-amount:20px;border-color:#e0dede;border-top-width:0px;border-bottom-width:0px;\"><\/div><\/div><div class=\"fusion-sep-clear\"><\/div><div class=\"fusion-clearfix\"><\/div><\/div><\/div><\/div><\/div><\/p>\n","protected":false},"excerpt":{"rendered":"","protected":false},"author":1,"featured_media":0,"parent":0,"menu_order":0,"comment_status":"closed","ping_status":"closed","template":"100-width.php","meta":{"jetpack_post_was_ever_published":false,"footnotes":""},"class_list":["post-9","page","type-page","status-publish","hentry"],"aioseo_notices":[],"jetpack_sharing_enabled":true,"jetpack_shortlink":"https:\/\/wp.me\/P9GS06-9","_links":{"self":[{"href":"https:\/\/myhealthcoaching.de\/fr\/wp-json\/wp\/v2\/pages\/9","targetHints":{"allow":["GET"]}}],"collection":[{"href":"https:\/\/myhealthcoaching.de\/fr\/wp-json\/wp\/v2\/pages"}],"about":[{"href":"https:\/\/myhealthcoaching.de\/fr\/wp-json\/wp\/v2\/types\/page"}],"author":[{"embeddable":true,"href":"https:\/\/myhealthcoaching.de\/fr\/wp-json\/wp\/v2\/users\/1"}],"replies":[{"embeddable":true,"href":"https:\/\/myhealthcoaching.de\/fr\/wp-json\/wp\/v2\/comments?post=9"}],"version-history":[{"count":78,"href":"https:\/\/myhealthcoaching.de\/fr\/wp-json\/wp\/v2\/pages\/9\/revisions"}],"predecessor-version":[{"id":1636,"href":"https:\/\/myhealthcoaching.de\/fr\/wp-json\/wp\/v2\/pages\/9\/revisions\/1636"}],"wp:attachment":[{"href":"https:\/\/myhealthcoaching.de\/fr\/wp-json\/wp\/v2\/media?parent=9"}],"curies":[{"name":"wp","href":"https:\/\/api.w.org\/{rel}","templated":true}]}}