{"id":1533,"date":"2018-06-29T14:23:22","date_gmt":"2018-06-29T14:23:22","guid":{"rendered":"http:\/\/myhealthcoaching.de\/?page_id=1533"},"modified":"2018-06-29T14:38:35","modified_gmt":"2018-06-29T14:38:35","slug":"disclaimer","status":"publish","type":"page","link":"https:\/\/myhealthcoaching.de\/fr\/disclaimer","title":{"rendered":"Privacy Policy"},"content":{"rendered":"<h2><\/h2>\n<h2><\/h2>\n<h2>Politique de confidentialit\u00e9<\/h2>\n<p>&nbsp;<\/p>\n<p><strong>Entente<\/strong><\/p>\n<p>Cette politique de confidentialit\u00e9 est destin\u00e9e \u00e0 informer les utilisateurs de ce site Web sur la nature, la port\u00e9e et le but de la collecte et l&rsquo;utilisation de donn\u00e9es personnelles par l&rsquo;exploitant du site [Martina Schl\u00fcter, Aberlestrasse 15, D-81371 Munich].<\/p>\n<p>L&rsquo;op\u00e9rateur du site Web prend votre vie priv\u00e9e tr\u00e8s au s\u00e9rieux et traitera vos informations personnelles de mani\u00e8re confidentielle et conform\u00e9ment \u00e0 la loi. \u00c9tant donn\u00e9 que des modifications \u00e0 cette politique de confidentialit\u00e9 peuvent \u00eatre apport\u00e9es par le biais de nouvelles technologies et de l&rsquo;\u00e9volution continue de ce site, nous vous encourageons \u00e0 consulter r\u00e9guli\u00e8rement la politique de confidentialit\u00e9.<\/p>\n<p>Les d\u00e9finitions des termes utilis\u00e9s (par exemple \u00ab\u00a0donn\u00e9es personnelles\u00a0\u00bb ou \u00ab\u00a0traitement\u00a0\u00bb) se trouvent dans l&rsquo;article 4 du RGPD.<\/p>\n<p><strong>Donn\u00e9es d&rsquo;acc\u00e8s<\/strong><\/p>\n<p>Nous, l&rsquo;op\u00e9rateur du site ou le fournisseur du site, collectons des donn\u00e9es sur l&rsquo;acc\u00e8s au site sur la base de notre int\u00e9r\u00eat l\u00e9gitime (voir article 6 (1) lit. DSGVO) et les enregistrons comme \u00ab\u00a0fichiers journaux du serveur\u00a0\u00bb sur le serveur du site. Les donn\u00e9es suivantes sont consign\u00e9es:<\/p>\n<p>Site visit\u00e9<br \/>\nHeure au moment de l&rsquo;acc\u00e8s<br \/>\nQuantit\u00e9 de donn\u00e9es envoy\u00e9es en octets<br \/>\nSource \/ r\u00e9f\u00e9rence \u00e0 partir de laquelle vous \u00eates arriv\u00e9 sur la page<br \/>\nNavigateur utilis\u00e9<br \/>\nSyst\u00e8me d&rsquo;exploitation utilis\u00e9<br \/>\nAdresse IP utilis\u00e9e<\/p>\n<p>Les fichiers journaux du serveur sont stock\u00e9s pendant 7 jours maximum, puis supprim\u00e9s. Le stockage des donn\u00e9es est fait pour des raisons de s\u00e9curit\u00e9, pour. B. clarifier les cas d&rsquo;abus. Si les donn\u00e9es doivent \u00eatre r\u00e9voqu\u00e9es pour des raisons de preuve, elles sont exclues de la suppression jusqu&rsquo;\u00e0 ce que l&rsquo;incident ait \u00e9t\u00e9 d\u00e9finitivement clarifi\u00e9.<\/p>\n<p><strong>Mesure de gamme et cookies<\/strong><\/p>\n<p>Ce site utilise des cookies pour la mesure de port\u00e9e pseudonymis\u00e9e, qui sont transmis depuis notre serveur ou le serveur tiers vers le navigateur de l&rsquo;utilisateur. Les cookies sont de petits fichiers stock\u00e9s sur votre appareil. Votre navigateur acc\u00e8de \u00e0 ces fichiers. L&rsquo;utilisation de cookies augmente la convivialit\u00e9 et la s\u00e9curit\u00e9 de ce site.<br \/>\nSi vous ne souhaitez pas enregistrer de cookies de mesure de distance sur votre appareil, vous pouvez vous opposer \u00e0 l&rsquo;utilisation de ces fichiers ici:<\/p>\n<p>La page de d\u00e9sactivation des cookies de la Network Advertising Initiative: http:\/\/optout.networkadvertising.org\/?c=1#!\/<br \/>\nPage de d\u00e9sactivation des cookies du site web am\u00e9ricain: http:\/\/optout.aboutads.info\/?c=2#!\/<br \/>\nPage de d\u00e9sactivation des cookies du site web europ\u00e9en: http:\/\/optout.networkadvertising.org\/?c=1#!\/<\/p>\n<p>Les navigateurs populaires offrent l&rsquo;option de pr\u00e9f\u00e9rence de ne pas autoriser les cookies. Note: Il n&rsquo;y a aucune garantie que vous serez en mesure d&rsquo;acc\u00e9der \u00e0 toutes les fonctions de ce site sans restrictions si vous faites les r\u00e9glages appropri\u00e9s.<\/p>\n<p><strong>Collecte et traitement des donn\u00e9es personnelles<\/strong><\/p>\n<p>L&rsquo;op\u00e9rateur du site recueille, utilise et transf\u00e8re vos donn\u00e9es personnelles uniquement si cela est autoris\u00e9 par la loi ou si vous consentez \u00e0 la collecte de donn\u00e9es.<br \/>\nLes informations personnelles d\u00e9signent toutes les informations utilis\u00e9es pour identifier votre personne et qui peuvent vous \u00eatre attribu\u00e9es, telles que votre nom, votre adresse e-mail et votre num\u00e9ro de t\u00e9l\u00e9phone.<\/p>\n<p>Vous pouvez \u00e9galement visiter ce site sans donner aucune information personnelle. Pour am\u00e9liorer notre offre en ligne, cependant, nous (sans r\u00e9f\u00e9rence personnelle) stockons vos donn\u00e9es d&rsquo;acc\u00e8s sur ce site. Ces donn\u00e9es d&rsquo;acc\u00e8s incluent z. Par exemple, le fichier que vous avez demand\u00e9 ou le nom de votre fournisseur de services Internet. En raison de l&rsquo;anonymisation des donn\u00e9es, les conclusions sur votre personne ne sont pas possibles.<\/p>\n<p><strong>Manipulation des informations de contact<\/strong><\/p>\n<p>Si vous nous contactez en tant qu&rsquo;op\u00e9rateur de site Web par le biais des options de contact propos\u00e9es, vos informations seront stock\u00e9es afin qu&rsquo;elles puissent \u00eatre utilis\u00e9es pour traiter et r\u00e9pondre \u00e0 votre demande. Sans votre consentement, ces donn\u00e9es ne seront pas divulgu\u00e9es \u00e0 des tiers.<\/p>\n<p><strong>Google Analytics<\/strong><\/p>\n<p>En raison de nos int\u00e9r\u00eats l\u00e9gitimes, ce site utilise pour l&rsquo;optimisation et l&rsquo;analyse de notre offre en ligne au sens de l&rsquo;article 6, paragraphe 1, lit. f. DSGVO le service \u00abGoogle Analytics\u00bb offert par Google Inc. (1600 Amphitheatre Parkway Mountain View, CA 94043, \u00c9tats-Unis). Le service (Google Analytics) utilise des \u00abcookies\u00bb &#8211; des fichiers texte stock\u00e9s sur votre appareil. Les informations collect\u00e9es par les cookies sont g\u00e9n\u00e9ralement envoy\u00e9es \u00e0 un serveur de Google aux \u00c9tats-Unis et y sont stock\u00e9es.<\/p>\n<p>Google LLC d\u00e9tient la loi sur la protection des donn\u00e9es europ\u00e9ennes, et est certifi\u00e9 en vertu de l&rsquo;Accord de bouclier de la vie priv\u00e9e: https:\/\/www.privacyshield.gov\/participant?id=a2zt000000001L5AAI&#038;status=Active<\/p>\n<p>Sur ce site Web acc\u00e8de \u00e0 l&rsquo;anonymisation IP. L&rsquo;adresse IP des utilisateurs est raccourcie au sein des \u00c9tats membres de l&rsquo;UE et de l&rsquo;Espace \u00e9conomique europ\u00e9en et dans les autres \u00c9tats contractants de l&rsquo;accord. Seulement dans des cas individuels, l&rsquo;adresse IP est initialement transf\u00e9r\u00e9e int\u00e9gralement aux \u00c9tats-Unis \u00e0 un serveur de Google et raccourcie l\u00e0. Cette r\u00e9duction \u00e9limine la r\u00e9f\u00e9rence personnelle de votre adresse IP. L&rsquo;adresse IP de l&rsquo;utilisateur fournie par le navigateur ne sera pas combin\u00e9e avec d&rsquo;autres donn\u00e9es stock\u00e9es par Google.<\/p>\n<p>Aux termes de l&rsquo;accord, l&rsquo;accord de donn\u00e9es de commande que nous avons sign\u00e9 en tant que propri\u00e9taire de site Web avec Google Inc., a cr\u00e9\u00e9 ce en utilisant les informations recueillies sur une \u00e9valuation du site et l&rsquo;activit\u00e9 du site et fournit les services Internet.<\/p>\n<p>Les donn\u00e9es collect\u00e9es par Google en notre nom seront utilis\u00e9es pour \u00e9valuer l&rsquo;utilisation de notre offre en ligne par des utilisateurs individuels, tels que: Par exemple, g\u00e9n\u00e9rer des rapports d&rsquo;activit\u00e9 sur le site Web pour am\u00e9liorer notre offre en ligne.<\/p>\n<p>Vous avez la possibilit\u00e9 d&#8217;emp\u00eacher le stockage de cookies sur votre appareil en configurant les param\u00e8tres appropri\u00e9s dans votre navigateur. Il n&rsquo;y a aucune garantie que vous serez en mesure d&rsquo;acc\u00e9der \u00e0 toutes les fonctionnalit\u00e9s de ce site sans restriction si votre navigateur ne permet pas les cookies.<\/p>\n<p>En outre, vous pouvez utiliser un plug-in de navigateur pour emp\u00eacher que les informations collect\u00e9es par les cookies (y compris votre adresse IP) soient envoy\u00e9es \u00e0 Google Inc. et utilis\u00e9es par Google Inc. Le lien suivant vous m\u00e8ne au plugin correspondant: https:\/\/tools.google.com\/dlpage\/gaoptout?hl=de<\/p>\n<p>Sinon, en cliquant sur ce lien (IMPORTANT: ins\u00e9rer un lien de d\u00e9sinscription), vous emp\u00eachez Google Analytics de collecter des donn\u00e9es vous concernant sur ce site Web. En cliquant sur le lien ci-dessus, vous t\u00e9l\u00e9chargez un \u00ab\u00a0cookie d&rsquo;exclusion\u00a0\u00bb. Votre navigateur doit autoriser le stockage des cookies. Si vous supprimez vos cookies r\u00e9guli\u00e8rement, vous devrez cliquer sur le lien chaque fois que vous visitez ce site.<\/p>\n<p>Voici plus d&rsquo;informations sur l&rsquo;utilisation des donn\u00e9es par Google Inc:<\/p>\n<p>https:\/\/policies.google.com\/privacy\/partners?hl=fr (donn\u00e9es collect\u00e9es par les partenaires Google)<br \/>\nhttps:\/\/adssettings.google.com\/authenticated (param\u00e8tres relatifs aux annonces que vous voyez)<br \/>\nhttps:\/\/policies.google.com\/technologies\/ads?hl=fr (Utilisation de cookies dans les annonces)<\/p>\n<p>&nbsp;<\/p>\n<p><strong>Utilisation des plugins de m\u00e9dias sociaux de Facebook<\/strong><\/p>\n<p>En raison de notre int\u00e9r\u00eat l\u00e9gitime pour l&rsquo;analyse, l&rsquo;optimisation et le fonctionnement de notre offre en ligne (au sens de l&rsquo;article 6, paragraphe 1, lit. DSGVO), ce site utilise le plug-in social Facebook, fourni par Facebook Inc. ( 1 Hacker Way, Menlo Park, Californie 94025, \u00c9tats-Unis). Reconnaissables sont les liens au logo Facebook ou les termes \u00ab\u00a0J&rsquo;aime\u00a0\u00bb, \u00ab\u00a0J&rsquo;aime\u00a0\u00bb, \u00ab\u00a0Partager\u00a0\u00bb dans les couleurs Facebook (bleu et blanc). Vous trouverez des informations sur tous les plugins Facebook via le lien suivant: https:\/\/developers.facebook.com\/docs\/plugins\/<\/p>\n<p>Facebook Inc. d\u00e9tient la loi sur la protection des donn\u00e9es europ\u00e9ennes, et est certifi\u00e9 en vertu de l&rsquo;Accord de bouclier de la vie priv\u00e9e: https:\/\/www.privacyshield.gov\/participant?id=a2zt0000000GnywAAC&#038;status=Active<\/p>\n<p>Le plugin cr\u00e9e une connexion directe entre votre navigateur et les serveurs Facebook. L&rsquo;op\u00e9rateur du site n&rsquo;a aucune influence sur la nature et l&rsquo;\u00e9tendue des donn\u00e9es transmises par le plugin aux serveurs de Facebook Inc. L&rsquo;information peut \u00eatre trouv\u00e9e ici: https:\/\/www.facebook.com\/help\/186325668085084<\/p>\n<p>Le plugin informe Facebook Inc. que vous avez visit\u00e9 ce site en tant qu&rsquo;utilisateur. Il est possible que votre adresse IP soit enregistr\u00e9e. Si vous \u00eates connect\u00e9 \u00e0 votre compte Facebook en visitant ce site, les informations y seront li\u00e9es.<\/p>\n<p>Si vous utilisez les fonctions du plugin &#8211; par exemple en partageant ou en \u00ab\u00a0aimant\u00a0\u00bb un post &#8211; les informations correspondantes seront \u00e9galement transmises \u00e0 Facebook Inc.<br \/>\nVoulez-vous emp\u00eacher le Facebook? Inc. associe ces informations \u00e0 votre compte Facebook, veuillez vous d\u00e9connecter de Facebook avant de visiter ce site Web et supprimer vos cookies stock\u00e9s. Gr\u00e2ce \u00e0 votre profil Facebook, vous pouvez effectuer des param\u00e8tres de traitement de donn\u00e9es suppl\u00e9mentaires \u00e0 des fins publicitaires ou vous opposer \u00e0 l&rsquo;utilisation de vos donn\u00e9es \u00e0 des fins promotionnelles. Vous pouvez trouver les param\u00e8tres ici:<\/p>\n<p>Param\u00e8tres du profil sur Facebook: https:\/\/www.facebook.com\/ads\/preferences\/?entry_product=ad_settings_screen<br \/>\nPage de d\u00e9sactivation des cookies du site web am\u00e9ricain: http:\/\/optout.aboutads.info\/?c=2#!\/<br \/>\nPage de d\u00e9sactivation des cookies du site web europ\u00e9en: http:\/\/optout.networkadvertising.org\/?c=1#!\/<\/p>\n<p>Quelles donn\u00e9es, dans quel but et dans quelle mesure Facebook recueille, utilise et traite les donn\u00e9es et quels droits et options de configuration vous avez pour prot\u00e9ger votre vie priv\u00e9e peuvent \u00eatre trouv\u00e9s dans la politique de confidentialit\u00e9 de Facebook. Ceux-ci peuvent \u00eatre trouv\u00e9s ici: https:\/\/www.facebook.com\/about\/privacy\/<\/p>\n<p><strong>Droits de l&rsquo;utilisateur<\/strong><\/p>\n<p>En tant qu&rsquo;utilisateur, vous avez le droit de recevoir gratuitement des informations sur les donn\u00e9es personnelles qui ont \u00e9t\u00e9 stock\u00e9es \u00e0 votre sujet. Vous avez \u00e9galement le droit de corriger des donn\u00e9es incorrectes et de restreindre ou de supprimer vos donn\u00e9es personnelles. Le cas \u00e9ch\u00e9ant, vous pouvez \u00e9galement revendiquer votre droit \u00e0 la portabilit\u00e9 des donn\u00e9es. Si vous croyez que vos donn\u00e9es ont \u00e9t\u00e9 trait\u00e9es ill\u00e9galement, vous pouvez d\u00e9poser une plainte aupr\u00e8s de l&rsquo;organisme de r\u00e9glementation appropri\u00e9.<\/p>\n<p><strong>Suppression de donn\u00e9es<\/strong><\/p>\n<p>Si votre demande n&rsquo;est pas en conflit avec une obligation l\u00e9gale de stocker des donn\u00e9es (par exemple, la r\u00e9tention de donn\u00e9es), vous avez le droit de supprimer vos donn\u00e9es. Les donn\u00e9es stock\u00e9es par nous, si elles ne sont plus n\u00e9cessaires \u00e0 leur fin et il n&rsquo;y a aucune p\u00e9riode de conservation l\u00e9gale, seront supprim\u00e9es. Si la suppression ne peut pas \u00eatre effectu\u00e9e parce que les donn\u00e9es sont requises \u00e0 des fins l\u00e9gales l\u00e9gitimes, le traitement des donn\u00e9es est restreint. Dans ce cas, les donn\u00e9es sont verrouill\u00e9es et non trait\u00e9es \u00e0 d&rsquo;autres fins.<\/p>\n<p><strong>Droit de<\/strong><\/p>\n<p>Les utilisateurs de ce site peuvent exercer leur droit d&rsquo;opposition et s&rsquo;opposer au traitement de leurs donn\u00e9es personnelles \u00e0 tout moment.<\/p>\n<p>Si vous voulez une correction, le blocage, l&rsquo;effacement ou des informations sur les donn\u00e9es stock\u00e9es sur vous des donn\u00e9es personnelles ou des questions concernant. La collecte, le traitement ou l&rsquo;utilisation de vos donn\u00e9es personnelles ou de r\u00e9voquer un consentement, s&rsquo;il vous pla\u00eet contacter l&rsquo;adresse e-mail suivante : [contact(at)myhealthcoaching.fr]<\/p>\n","protected":false},"excerpt":{"rendered":"<p>Politique de confidentialit\u00e9 &nbsp; Entente Cette politique de confidentialit\u00e9 est destin\u00e9e \u00e0 informer les utilisateurs de ce site Web sur la nature, la port\u00e9e et le but de la collecte et l&rsquo;utilisation de donn\u00e9es personnelles par l&rsquo;exploitant du site [Martina Schl\u00fcter, Aberlestrasse 15, D-81371 Munich]. L&rsquo;op\u00e9rateur du site Web prend votre vie priv\u00e9e tr\u00e8s au  [&#8230;]<\/p>\n","protected":false},"author":1,"featured_media":0,"parent":0,"menu_order":0,"comment_status":"closed","ping_status":"closed","template":"","meta":{"jetpack_post_was_ever_published":false,"footnotes":""},"class_list":["post-1533","page","type-page","status-publish","hentry"],"aioseo_notices":[],"jetpack_sharing_enabled":true,"jetpack_shortlink":"https:\/\/wp.me\/P9GS06-oJ","_links":{"self":[{"href":"https:\/\/myhealthcoaching.de\/fr\/wp-json\/wp\/v2\/pages\/1533","targetHints":{"allow":["GET"]}}],"collection":[{"href":"https:\/\/myhealthcoaching.de\/fr\/wp-json\/wp\/v2\/pages"}],"about":[{"href":"https:\/\/myhealthcoaching.de\/fr\/wp-json\/wp\/v2\/types\/page"}],"author":[{"embeddable":true,"href":"https:\/\/myhealthcoaching.de\/fr\/wp-json\/wp\/v2\/users\/1"}],"replies":[{"embeddable":true,"href":"https:\/\/myhealthcoaching.de\/fr\/wp-json\/wp\/v2\/comments?post=1533"}],"version-history":[{"count":3,"href":"https:\/\/myhealthcoaching.de\/fr\/wp-json\/wp\/v2\/pages\/1533\/revisions"}],"predecessor-version":[{"id":1541,"href":"https:\/\/myhealthcoaching.de\/fr\/wp-json\/wp\/v2\/pages\/1533\/revisions\/1541"}],"wp:attachment":[{"href":"https:\/\/myhealthcoaching.de\/fr\/wp-json\/wp\/v2\/media?parent=1533"}],"curies":[{"name":"wp","href":"https:\/\/api.w.org\/{rel}","templated":true}]}}