{"id":1129,"date":"2018-02-02T17:27:10","date_gmt":"2018-02-02T17:27:10","guid":{"rendered":"http:\/\/myhealthcoaching.de\/de\/?page_id=1129"},"modified":"2018-06-29T14:38:06","modified_gmt":"2018-06-29T14:38:06","slug":"detoxyourmind","status":"publish","type":"page","link":"https:\/\/myhealthcoaching.de\/fr\/detoxyourmind","title":{"rendered":"Detox votre esprit"},"content":{"rendered":"<p><div class=\"fusion-fullwidth fullwidth-box fusion-builder-row-1 hundred-percent-fullwidth non-hundred-percent-height-scrolling fusion-equal-height-columns\" style=\"--awb-border-radius-top-left:0px;--awb-border-radius-top-right:0px;--awb-border-radius-bottom-right:0px;--awb-border-radius-bottom-left:0px;--awb-margin-bottom:80px;--awb-border-sizes-top:6px;--awb-border-sizes-bottom:6px;--awb-flex-wrap:wrap;\" ><div class=\"fusion-builder-row fusion-row\"><div class=\"fusion-layout-column fusion_builder_column fusion-builder-column-0 fusion_builder_column_1_2 1_2 fusion-one-half fusion-column-first\" style=\"--awb-padding-top:0px;--awb-padding-right:0px;--awb-padding-bottom:0px;--awb-padding-left:0px;--awb-bg-size:cover;width:50%;width:calc(50% - ( ( 0 ) * 0.5 ) );margin-right: 0px;\"><div class=\"fusion-column-wrapper fusion-flex-column-wrapper-legacy\"><div class=\"fusion-image-element in-legacy-container\" style=\"--awb-caption-title-font-family:var(--h2_typography-font-family);--awb-caption-title-font-weight:var(--h2_typography-font-weight);--awb-caption-title-font-style:var(--h2_typography-font-style);--awb-caption-title-size:var(--h2_typography-font-size);--awb-caption-title-transform:var(--h2_typography-text-transform);--awb-caption-title-line-height:var(--h2_typography-line-height);--awb-caption-title-letter-spacing:var(--h2_typography-letter-spacing);\"><span class=\" fusion-imageframe imageframe-none imageframe-1 hover-type-none\"><img decoding=\"async\" width=\"1196\" height=\"1097\" title=\"Detox_mind_pic_Myhealthcoaching\" src=\"http:\/\/myhealthcoaching.de\/wp-content\/uploads\/2018\/04\/Detox_mind_pic_Myhealthcoaching.jpg\" alt class=\"img-responsive wp-image-1458\" srcset=\"https:\/\/myhealthcoaching.de\/wp-content\/uploads\/2018\/04\/Detox_mind_pic_Myhealthcoaching-200x183.jpg 200w, https:\/\/myhealthcoaching.de\/wp-content\/uploads\/2018\/04\/Detox_mind_pic_Myhealthcoaching-400x367.jpg 400w, https:\/\/myhealthcoaching.de\/wp-content\/uploads\/2018\/04\/Detox_mind_pic_Myhealthcoaching-600x550.jpg 600w, https:\/\/myhealthcoaching.de\/wp-content\/uploads\/2018\/04\/Detox_mind_pic_Myhealthcoaching-800x734.jpg 800w, https:\/\/myhealthcoaching.de\/wp-content\/uploads\/2018\/04\/Detox_mind_pic_Myhealthcoaching.jpg 1196w\" sizes=\"(max-width: 1009px) 100vw, 600px\" \/><\/span><\/div><div class=\"fusion-clearfix\"><\/div><\/div><\/div><div class=\"fusion-layout-column fusion_builder_column fusion-builder-column-1 fusion_builder_column_1_2 1_2 fusion-one-half fusion-column-last\" style=\"--awb-padding-top:0px;--awb-padding-right:0px;--awb-padding-bottom:0px;--awb-padding-left:0px;--awb-bg-size:cover;width:50%;width:calc(50% - ( ( 0 ) * 0.5 ) );\"><div class=\"fusion-column-wrapper fusion-flex-column-wrapper-legacy\"><div class=\"fusion-image-element in-legacy-container\" style=\"--awb-caption-title-font-family:var(--h2_typography-font-family);--awb-caption-title-font-weight:var(--h2_typography-font-weight);--awb-caption-title-font-style:var(--h2_typography-font-style);--awb-caption-title-size:var(--h2_typography-font-size);--awb-caption-title-transform:var(--h2_typography-text-transform);--awb-caption-title-line-height:var(--h2_typography-line-height);--awb-caption-title-letter-spacing:var(--h2_typography-letter-spacing);\"><span class=\" fusion-imageframe imageframe-none imageframe-2 hover-type-none\"><img decoding=\"async\" width=\"1196\" height=\"1097\" title=\"Detox_mind_Myhealthcoaching\" src=\"http:\/\/myhealthcoaching.de\/wp-content\/uploads\/2018\/04\/Detox_mind_Myhealthcoaching.jpg\" alt class=\"img-responsive wp-image-1459\" srcset=\"https:\/\/myhealthcoaching.de\/wp-content\/uploads\/2018\/04\/Detox_mind_Myhealthcoaching-200x183.jpg 200w, https:\/\/myhealthcoaching.de\/wp-content\/uploads\/2018\/04\/Detox_mind_Myhealthcoaching-400x367.jpg 400w, https:\/\/myhealthcoaching.de\/wp-content\/uploads\/2018\/04\/Detox_mind_Myhealthcoaching-600x550.jpg 600w, https:\/\/myhealthcoaching.de\/wp-content\/uploads\/2018\/04\/Detox_mind_Myhealthcoaching-800x734.jpg 800w, https:\/\/myhealthcoaching.de\/wp-content\/uploads\/2018\/04\/Detox_mind_Myhealthcoaching.jpg 1196w\" sizes=\"(max-width: 1009px) 100vw, 600px\" \/><\/span><\/div><div class=\"fusion-clearfix\"><\/div><\/div><\/div><\/div><\/div><div class=\"fusion-fullwidth fullwidth-box fusion-builder-row-2 nonhundred-percent-fullwidth non-hundred-percent-height-scrolling\" style=\"--awb-border-radius-top-left:0px;--awb-border-radius-top-right:0px;--awb-border-radius-bottom-right:0px;--awb-border-radius-bottom-left:0px;--awb-margin-top:80px;--awb-flex-wrap:wrap;\" ><div class=\"fusion-builder-row fusion-row\"><div class=\"fusion-layout-column fusion_builder_column fusion-builder-column-2 fusion_builder_column_1_6 1_6 fusion-one-sixth fusion-column-first\" style=\"--awb-bg-size:cover;width:16.666666666667%;width:calc(16.666666666667% - ( ( 4% + 4% ) * 0.16666666666667 ) );margin-right: 4%;\"><div class=\"fusion-column-wrapper fusion-flex-column-wrapper-legacy\"><div class=\"fusion-clearfix\"><\/div><\/div><\/div><div class=\"fusion-layout-column fusion_builder_column fusion-builder-column-3 fusion_builder_column_2_3 2_3 fusion-two-third\" style=\"--awb-bg-size:cover;width:66.666666666667%;width:calc(66.666666666667% - ( ( 4% + 4% ) * 0.66666666666667 ) );margin-right: 4%;\"><div class=\"fusion-column-wrapper fusion-flex-column-wrapper-legacy\"><div class=\"fusion-title title fusion-title-1 fusion-sep-none fusion-title-text fusion-title-size-one\"><h1 class=\"fusion-title-heading title-heading-left fusion-responsive-typography-calculated\" style=\"margin:0;--fontSize:54;line-height:1.6;\"><h1 style=\"text-align: left;\">D\u00e9sintoxication mentale, travail de sensibilisation, compensation \u00e9motionnelle et solution de traumatisme.<\/h1><\/h1><\/div><div class=\"fusion-sep-clear\"><\/div><div class=\"fusion-separator fusion-full-width-sep\" style=\"margin-left: auto;margin-right: auto;margin-bottom:30px;width:100%;\"><\/div><div class=\"fusion-sep-clear\"><\/div><div class=\"fusion-sep-clear\"><\/div><div class=\"fusion-separator fusion-full-width-sep\" style=\"margin-left: auto;margin-right: auto;margin-top:20px;margin-bottom:40px;width:100%;\"><div class=\"fusion-separator-border sep-single sep-solid\" style=\"--awb-height:20px;--awb-amount:20px;--awb-sep-color:#1c1b1b;border-color:#1c1b1b;border-top-width:1px;\"><\/div><\/div><div class=\"fusion-sep-clear\"><\/div><div class=\"fusion-text fusion-text-1\"><h4>L&rsquo;un des secrets les plus importants de la vie est que l&rsquo;\u00e9nergie suit l&rsquo;attention et que nous cr\u00e9ons nos vies quotidiennement \u00e0 travers la nature de nos pens\u00e9es. Gr\u00e2ce au travail de d\u00e9toxication mentale et de sensibilisation, il est possible que les humains transforment r\u00e9ellement leur vie.<\/h4>\n<\/div><div class=\"fusion-sep-clear\"><\/div><div class=\"fusion-separator fusion-full-width-sep\" style=\"margin-left: auto;margin-right: auto;margin-top:20px;margin-bottom:40px;width:100%;\"><div class=\"fusion-separator-border sep-single sep-solid\" style=\"--awb-height:20px;--awb-amount:20px;--awb-sep-color:#1c1b1b;border-color:#1c1b1b;border-top-width:1px;\"><\/div><\/div><div class=\"fusion-sep-clear\"><\/div><div class=\"fusion-text fusion-text-2\"><p>Tout comme votre corps a besoin d&rsquo;\u00eatre d\u00e9sintoxiqu\u00e9 lorsque vous consommez trop d&rsquo;alcool ou de nourriture malsaine, votre cerveau doit se d\u00e9sintoxiquer de temps en temps de la n\u00e9gativit\u00e9, du surmenage, de la peur ou de la parano\u00efa.<\/p>\n<p><strong>Pourquoi notre cerveau doit-il \u00eatre \u00abd\u00e9toxifi\u00e9\u00bb<\/strong>? Parce que nos pens\u00e9es ont un impact sur la fa\u00e7on dont nous percevons et fa\u00e7onnons nos vies. Et souvent ce n&rsquo;est m\u00eame pas le n\u00f4tre que nous avons stock\u00e9 en nous depuis de nombreuses ann\u00e9es. En outre, nous avons une tendance biologique \u00e0 nous concentrer sur les probl\u00e8mes plut\u00f4t que sur les bonnes choses de la vie. Les journaux et les nouvelles sont pleins d&rsquo;histoires n\u00e9gatives, et ceux qui \u00e9coutent des conversations typiques au bureau ou dans la rue constatent que la plupart des gens parlent de probl\u00e8mes plut\u00f4t que de solutions.<\/p>\n<p>Et ce que nous pensons, et comment nous agissons en fonction de cela, et quelles d\u00e9cisions nous prenons, produit exactement les sch\u00e9mas qui se r\u00e9p\u00e8tent plus tard dans nos vies. Des motifs que nous voulons parfois dissoudre.\u00a0Ce n&rsquo;est pas une forme inauthentique de \u00abpens\u00e9e positive\u00bb et de \u00abr\u00e9flexion\u00bb sur les \u00e9motions naturelles que nous pouvons exp\u00e9rimenter dans nos vies. Il s&rsquo;agit plut\u00f4t de d\u00e9couvrir les mod\u00e8les de pens\u00e9e qui nous affectent dans notre bien-\u00eatre personnel, notre croissance et les occasions d&rsquo;interagir de mani\u00e8re positive avec les \u00e9v\u00e9nements et les rencontres dans nos vies.<\/p>\n<p><strong>Les bonnes nouvelles: le cerveau peut \u00eatre reprogramm\u00e9.<\/strong> Cela nous rendra plus heureux et plus productif dans l&rsquo;ensemble. Mais d&rsquo;abord il doit y avoir place pour cela. C&rsquo;est ce que le programme de d\u00e9sintoxication mentale offre:<\/p>\n<\/div><div class=\"fusion-sep-clear\"><\/div><div class=\"fusion-separator fusion-full-width-sep\" style=\"margin-left: auto;margin-right: auto;margin-top:30px;width:100%;\"><div class=\"fusion-separator-border sep-double\" style=\"--awb-height:20px;--awb-amount:20px;border-color:#e0dede;border-top-width:0px;border-bottom-width:0px;\"><\/div><\/div><div class=\"fusion-sep-clear\"><\/div><div class=\"fusion-clearfix\"><\/div><\/div><\/div><div class=\"fusion-layout-column fusion_builder_column fusion-builder-column-4 fusion_builder_column_1_6 1_6 fusion-one-sixth fusion-column-last\" style=\"--awb-bg-size:cover;width:16.666666666667%;width:calc(16.666666666667% - ( ( 4% + 4% ) * 0.16666666666667 ) );\"><div class=\"fusion-column-wrapper fusion-flex-column-wrapper-legacy\"><div class=\"fusion-clearfix\"><\/div><\/div><\/div><\/div><\/div><div class=\"fusion-fullwidth fullwidth-box fusion-builder-row-3 nonhundred-percent-fullwidth non-hundred-percent-height-scrolling\" style=\"--awb-border-radius-top-left:0px;--awb-border-radius-top-right:0px;--awb-border-radius-bottom-right:0px;--awb-border-radius-bottom-left:0px;--awb-margin-top:60px;--awb-background-color:#f2efea;--awb-flex-wrap:wrap;\" ><div class=\"fusion-builder-row fusion-row\"><div class=\"fusion-layout-column fusion_builder_column fusion-builder-column-5 fusion_builder_column_1_5 1_5 fusion-one-fifth fusion-column-first\" style=\"--awb-bg-size:cover;width:20%;width:calc(20% - ( ( 4% + 4% ) * 0.2 ) );margin-right: 4%;\"><div class=\"fusion-column-wrapper fusion-flex-column-wrapper-legacy\"><div class=\"fusion-clearfix\"><\/div><\/div><\/div><div class=\"fusion-layout-column fusion_builder_column fusion-builder-column-6 fusion_builder_column_3_5 3_5 fusion-three-fifth\" style=\"--awb-bg-size:cover;width:60%;width:calc(60% - ( ( 4% + 4% ) * 0.6 ) );margin-right: 4%;\"><div class=\"fusion-column-wrapper fusion-flex-column-wrapper-legacy\"><div class=\"fusion-sep-clear\"><\/div><div class=\"fusion-separator fusion-full-width-sep\" style=\"margin-left: auto;margin-right: auto;margin-top:60px;width:100%;\"><div class=\"fusion-separator-border sep-double\" style=\"--awb-height:20px;--awb-amount:20px;border-color:#e0dede;border-top-width:0px;border-bottom-width:0px;\"><\/div><\/div><div class=\"fusion-sep-clear\"><\/div><div class=\"fusion-title title fusion-title-2 fusion-sep-none fusion-title-text fusion-title-size-one\"><h1 class=\"fusion-title-heading title-heading-left fusion-responsive-typography-calculated\" style=\"margin:0;--fontSize:54;line-height:1.6;\"><h3 id=\"yui_3_17_2_1_1516129004530_258\" class=\"text-align-center\">UN D\u00c9TOXE MENTAL COMPREND:<\/h3><\/h1><\/div><div class=\"fusion-text fusion-text-3\"><ul>\n<li>Coaching sur les objectifs et le processus de mise en \u0153uvre<\/li>\n<li>Sensibilisation<\/li>\n<li>Clarifier les mod\u00e8les de pens\u00e9e \u00e0 action n\u00e9gative<\/li>\n<li>Dissolution des blocages<\/li>\n<li>Introduction aux techniques de r\u00e9duction du stress mental<\/li>\n<li>les techniques d&rsquo;accompagnement<\/li>\n<\/ul>\n<p>EFFETS DU COACHING MENTAL:<\/p>\n<ul>\n<li>Augmentation de l&rsquo;efficacit\u00e9<\/li>\n<li>Renforcer la confiance en soi<\/li>\n<li>Perception positive de la vie, optimisme<\/li>\n<li>nouvelle \u00e9nergie<\/li>\n<li>Redesign de la vie<\/li>\n<li>Atteindre des objectifs<\/li>\n<li>S\u00e9paration des composants stressants et nuisibles<\/li>\n<li>Promotion des pouvoirs d&rsquo;auto-gu\u00e9rison<\/li>\n<\/ul>\n<\/div><div class=\"fusion-sep-clear\"><\/div><div class=\"fusion-separator fusion-full-width-sep\" style=\"margin-left: auto;margin-right: auto;margin-top:60px;width:100%;\"><div class=\"fusion-separator-border sep-double\" style=\"--awb-height:20px;--awb-amount:20px;border-color:#e0dede;border-top-width:0px;border-bottom-width:0px;\"><\/div><\/div><div class=\"fusion-sep-clear\"><\/div><div class=\"fusion-clearfix\"><\/div><\/div><\/div><div class=\"fusion-layout-column fusion_builder_column fusion-builder-column-7 fusion_builder_column_1_5 1_5 fusion-one-fifth fusion-column-last\" style=\"--awb-bg-size:cover;width:20%;width:calc(20% - ( ( 4% + 4% ) * 0.2 ) );\"><div class=\"fusion-column-wrapper fusion-flex-column-wrapper-legacy\"><div class=\"fusion-clearfix\"><\/div><\/div><\/div><\/div><\/div><div class=\"fusion-fullwidth fullwidth-box fusion-builder-row-4 nonhundred-percent-fullwidth non-hundred-percent-height-scrolling\" style=\"--awb-border-radius-top-left:0px;--awb-border-radius-top-right:0px;--awb-border-radius-bottom-right:0px;--awb-border-radius-bottom-left:0px;--awb-flex-wrap:wrap;\" ><div class=\"fusion-builder-row fusion-row\"><div class=\"fusion-layout-column fusion_builder_column fusion-builder-column-8 fusion_builder_column_1_5 1_5 fusion-one-fifth fusion-column-first\" style=\"--awb-bg-size:cover;width:20%;width:calc(20% - ( ( 4% + 4% ) * 0.2 ) );margin-right: 4%;\"><div class=\"fusion-column-wrapper fusion-flex-column-wrapper-legacy\"><div class=\"fusion-clearfix\"><\/div><\/div><\/div><div class=\"fusion-layout-column fusion_builder_column fusion-builder-column-9 fusion_builder_column_3_5 3_5 fusion-three-fifth\" style=\"--awb-bg-size:cover;width:60%;width:calc(60% - ( ( 4% + 4% ) * 0.6 ) );margin-right: 4%;\"><div class=\"fusion-column-wrapper fusion-flex-column-wrapper-legacy\"><div class=\"fusion-sep-clear\"><\/div><div class=\"fusion-separator fusion-full-width-sep\" style=\"margin-left: auto;margin-right: auto;margin-top:60px;width:100%;\"><div class=\"fusion-separator-border sep-double\" style=\"--awb-height:20px;--awb-amount:20px;border-color:#e0dede;border-top-width:0px;border-bottom-width:0px;\"><\/div><\/div><div class=\"fusion-sep-clear\"><\/div><div class=\"fusion-sep-clear\"><\/div><div class=\"fusion-separator fusion-full-width-sep\" style=\"margin-left: auto;margin-right: auto;margin-top:20px;margin-bottom:40px;width:100%;\"><div class=\"fusion-separator-border sep-single sep-solid\" style=\"--awb-height:20px;--awb-amount:20px;--awb-sep-color:#1c1b1b;border-color:#1c1b1b;border-top-width:1px;\"><\/div><\/div><div class=\"fusion-sep-clear\"><\/div><div class=\"fusion-text fusion-text-4\"><h4>Les techniques de r\u00e9duction du stress mental sont plus demand\u00e9es que jamais, notamment parce que leur efficacit\u00e9 a \u00e9t\u00e9 prouv\u00e9e scientifiquement.<\/h4>\n<\/div><div class=\"fusion-sep-clear\"><\/div><div class=\"fusion-separator fusion-full-width-sep\" style=\"margin-left: auto;margin-right: auto;margin-top:20px;margin-bottom:40px;width:100%;\"><div class=\"fusion-separator-border sep-single sep-solid\" style=\"--awb-height:20px;--awb-amount:20px;--awb-sep-color:#1c1b1b;border-color:#1c1b1b;border-top-width:1px;\"><\/div><\/div><div class=\"fusion-sep-clear\"><\/div><div class=\"fusion-text fusion-text-5\"><p>Nos cerveaux sont plus que jamais demand\u00e9s. Le stress accru de n\u00f4tre cerveau gr\u00e2ce \u00e0 des processus de plus en plus complexes, le monde num\u00e9rique, les communications non stop, et surtout la vie en ville o\u00f9 nous sommes entour\u00e9s partout des messages, des voix et du bruit. Un \u00e9tat mental sain et \u00e9quilibr\u00e9 peut-\u00eatre cr\u00e9e en soulageant le cerveau. Ceux-ci comprennent des techniques mentales, l&rsquo;exercice physique, l&rsquo;oxyg\u00e8ne et de sommeil.<\/p>\n<h4>N\u00f4tre cerveau est similaire \u00e0 une batterie. Nous pouvons y mettre beaucoup de pression sur une p\u00e9riode de temps, mais il faut ensuite au moins un jour de repos complet pour se recharger. Ceux qui permettent au cerveau cette tranquillit\u00e9 d&rsquo;esprit risquent \u00e0 long terme, la capacit\u00e9 du cerveau et l&rsquo;efficacit\u00e9 diminue.<\/h4>\n<p>Mais comment pouvez-vous le simplement mettre en \u0153uvre et en faire une partie int\u00e9grante de v\u00f4tre vie? Un programme de d\u00e9sintoxication mentale de 21 jours est une solution tr\u00e8s efficace.<\/p>\n<p>Mais au-del\u00e0 de cela, il y a des informations stock\u00e9es en nous qui peuvent affecter n\u00e9gativement n\u00f4tre pens\u00e9e et donc nos vies. De tels sch\u00e9mas de pens\u00e9e n\u00e9gatifs et partiellement destructeurs peuvent \u00eatre r\u00e9solus ainsi que des traumatismes.<\/p>\n<\/div><div class=\"fusion-clearfix\"><\/div><\/div><\/div><div class=\"fusion-layout-column fusion_builder_column fusion-builder-column-10 fusion_builder_column_1_5 1_5 fusion-one-fifth fusion-column-last\" style=\"--awb-bg-size:cover;width:20%;width:calc(20% - ( ( 4% + 4% ) * 0.2 ) );\"><div class=\"fusion-column-wrapper fusion-flex-column-wrapper-legacy\"><div class=\"fusion-clearfix\"><\/div><\/div><\/div><\/div><\/div><div class=\"fusion-fullwidth fullwidth-box fusion-builder-row-5 nonhundred-percent-fullwidth non-hundred-percent-height-scrolling\" style=\"--awb-border-radius-top-left:0px;--awb-border-radius-top-right:0px;--awb-border-radius-bottom-right:0px;--awb-border-radius-bottom-left:0px;--awb-margin-bottom:50px;--awb-flex-wrap:wrap;\" ><div class=\"fusion-builder-row fusion-row\"><div class=\"fusion-layout-column fusion_builder_column fusion-builder-column-11 fusion_builder_column_1_1 1_1 fusion-one-full fusion-column-first fusion-column-last\" style=\"--awb-bg-size:cover;\"><div class=\"fusion-column-wrapper fusion-flex-column-wrapper-legacy\"><div class=\"fusion-sep-clear\"><\/div><div class=\"fusion-separator fusion-full-width-sep\" style=\"margin-left: auto;margin-right: auto;margin-bottom:50px;width:100%;\"><div class=\"fusion-separator-border sep-double\" style=\"--awb-height:20px;--awb-amount:20px;border-color:#e0dede;border-top-width:0px;border-bottom-width:0px;\"><\/div><\/div><div class=\"fusion-sep-clear\"><\/div><div class=\"fusion-text fusion-text-6\"><h5 style=\"text-align: center;\" data-fontsize=\"24\" data-lineheight=\"33\">Contactez-moi pour vous offrir une<\/h5>\n<\/div><div class=\"fusion-aligncenter\"><a class=\"fusion-button button-flat button-xlarge button-custom fusion-button-default button-1 fusion-button-default-span \" style=\"--button_accent_color:#ffffff;--button_accent_hover_color:#ffffff;--button_border_hover_color:#ffffff;--button_border_width-top:0;--button_border_width-right:0;--button_border_width-bottom:0;--button_border_width-left:0;--button_gradient_top_color:#00e8b9;--button_gradient_bottom_color:#00e8b9;--button_gradient_top_color_hover:#000000;--button_gradient_bottom_color_hover:#000000;\" target=\"_self\" href=\"http:\/\/myhealthcoaching.de\/fr\/contact\"><span class=\"fusion-button-text\">PREMI\u00c8RE CONSULTATION <\/span><\/a><\/div><div class=\"fusion-sep-clear\"><\/div><div class=\"fusion-separator fusion-full-width-sep\" style=\"margin-left: auto;margin-right: auto;margin-bottom:50px;width:100%;\"><div class=\"fusion-separator-border sep-double\" style=\"--awb-height:20px;--awb-amount:20px;border-color:#e0dede;border-top-width:0px;border-bottom-width:0px;\"><\/div><\/div><div class=\"fusion-sep-clear\"><\/div><div class=\"fusion-clearfix\"><\/div><\/div><\/div><\/div><\/div><\/p>\n","protected":false},"excerpt":{"rendered":"","protected":false},"author":1,"featured_media":0,"parent":0,"menu_order":0,"comment_status":"closed","ping_status":"closed","template":"100-width.php","meta":{"jetpack_post_was_ever_published":false,"footnotes":""},"class_list":["post-1129","page","type-page","status-publish","hentry"],"aioseo_notices":[],"jetpack_sharing_enabled":true,"jetpack_shortlink":"https:\/\/wp.me\/P9GS06-id","_links":{"self":[{"href":"https:\/\/myhealthcoaching.de\/fr\/wp-json\/wp\/v2\/pages\/1129","targetHints":{"allow":["GET"]}}],"collection":[{"href":"https:\/\/myhealthcoaching.de\/fr\/wp-json\/wp\/v2\/pages"}],"about":[{"href":"https:\/\/myhealthcoaching.de\/fr\/wp-json\/wp\/v2\/types\/page"}],"author":[{"embeddable":true,"href":"https:\/\/myhealthcoaching.de\/fr\/wp-json\/wp\/v2\/users\/1"}],"replies":[{"embeddable":true,"href":"https:\/\/myhealthcoaching.de\/fr\/wp-json\/wp\/v2\/comments?post=1129"}],"version-history":[{"count":42,"href":"https:\/\/myhealthcoaching.de\/fr\/wp-json\/wp\/v2\/pages\/1129\/revisions"}],"predecessor-version":[{"id":1508,"href":"https:\/\/myhealthcoaching.de\/fr\/wp-json\/wp\/v2\/pages\/1129\/revisions\/1508"}],"wp:attachment":[{"href":"https:\/\/myhealthcoaching.de\/fr\/wp-json\/wp\/v2\/media?parent=1129"}],"curies":[{"name":"wp","href":"https:\/\/api.w.org\/{rel}","templated":true}]}}