{"id":1091,"date":"2018-01-26T19:09:47","date_gmt":"2018-01-26T19:09:47","guid":{"rendered":"http:\/\/myhealthcoaching.de\/de\/?page_id=1091"},"modified":"2024-01-12T16:54:17","modified_gmt":"2024-01-12T16:54:17","slug":"detox","status":"publish","type":"page","link":"https:\/\/myhealthcoaching.de\/fr\/detox","title":{"rendered":"Detox votre corps"},"content":{"rendered":"<p><div class=\"fusion-fullwidth fullwidth-box fusion-builder-row-1 hundred-percent-fullwidth non-hundred-percent-height-scrolling fusion-equal-height-columns\" style=\"--awb-border-radius-top-left:0px;--awb-border-radius-top-right:0px;--awb-border-radius-bottom-right:0px;--awb-border-radius-bottom-left:0px;--awb-margin-bottom:80px;--awb-border-sizes-top:6px;--awb-border-sizes-bottom:6px;--awb-flex-wrap:wrap;\" ><div class=\"fusion-builder-row fusion-row\"><div class=\"fusion-layout-column fusion_builder_column fusion-builder-column-0 fusion_builder_column_1_2 1_2 fusion-one-half fusion-column-first\" style=\"--awb-padding-top:0px;--awb-padding-right:0px;--awb-padding-bottom:0px;--awb-padding-left:0px;--awb-bg-size:cover;width:50%;width:calc(50% - ( ( 0 ) * 0.5 ) );margin-right: 0px;\"><div class=\"fusion-column-wrapper fusion-flex-column-wrapper-legacy\"><div class=\"fusion-image-element in-legacy-container\" style=\"--awb-caption-title-font-family:var(--h2_typography-font-family);--awb-caption-title-font-weight:var(--h2_typography-font-weight);--awb-caption-title-font-style:var(--h2_typography-font-style);--awb-caption-title-size:var(--h2_typography-font-size);--awb-caption-title-transform:var(--h2_typography-text-transform);--awb-caption-title-line-height:var(--h2_typography-line-height);--awb-caption-title-letter-spacing:var(--h2_typography-letter-spacing);\"><span class=\" fusion-imageframe imageframe-none imageframe-1 hover-type-none\"><img decoding=\"async\" width=\"1196\" height=\"1097\" src=\"http:\/\/myhealthcoaching.de\/wp-content\/uploads\/2018\/04\/Detox_body_pic_Myhealthcoaching.jpg\" alt class=\"img-responsive wp-image-1453\" srcset=\"https:\/\/myhealthcoaching.de\/wp-content\/uploads\/2018\/04\/Detox_body_pic_Myhealthcoaching-200x183.jpg 200w, https:\/\/myhealthcoaching.de\/wp-content\/uploads\/2018\/04\/Detox_body_pic_Myhealthcoaching-400x367.jpg 400w, https:\/\/myhealthcoaching.de\/wp-content\/uploads\/2018\/04\/Detox_body_pic_Myhealthcoaching-600x550.jpg 600w, https:\/\/myhealthcoaching.de\/wp-content\/uploads\/2018\/04\/Detox_body_pic_Myhealthcoaching-800x734.jpg 800w, https:\/\/myhealthcoaching.de\/wp-content\/uploads\/2018\/04\/Detox_body_pic_Myhealthcoaching.jpg 1196w\" sizes=\"(max-width: 1009px) 100vw, 600px\" \/><\/span><\/div><div class=\"fusion-clearfix\"><\/div><\/div><\/div><div class=\"fusion-layout-column fusion_builder_column fusion-builder-column-1 fusion_builder_column_1_2 1_2 fusion-one-half fusion-column-last\" style=\"--awb-padding-top:0px;--awb-padding-right:0px;--awb-padding-bottom:0px;--awb-padding-left:0px;--awb-bg-size:cover;width:50%;width:calc(50% - ( ( 0 ) * 0.5 ) );\"><div class=\"fusion-column-wrapper fusion-flex-column-wrapper-legacy\"><div class=\"fusion-image-element in-legacy-container\" style=\"--awb-caption-title-font-family:var(--h2_typography-font-family);--awb-caption-title-font-weight:var(--h2_typography-font-weight);--awb-caption-title-font-style:var(--h2_typography-font-style);--awb-caption-title-size:var(--h2_typography-font-size);--awb-caption-title-transform:var(--h2_typography-text-transform);--awb-caption-title-line-height:var(--h2_typography-line-height);--awb-caption-title-letter-spacing:var(--h2_typography-letter-spacing);\"><span class=\" fusion-imageframe imageframe-none imageframe-2 hover-type-none\"><img decoding=\"async\" width=\"1196\" height=\"1097\" src=\"http:\/\/myhealthcoaching.de\/wp-content\/uploads\/2018\/04\/Detox_body_Myhealthcoaching.jpg\" alt class=\"img-responsive wp-image-1454\" srcset=\"https:\/\/myhealthcoaching.de\/wp-content\/uploads\/2018\/04\/Detox_body_Myhealthcoaching-200x183.jpg 200w, https:\/\/myhealthcoaching.de\/wp-content\/uploads\/2018\/04\/Detox_body_Myhealthcoaching-400x367.jpg 400w, https:\/\/myhealthcoaching.de\/wp-content\/uploads\/2018\/04\/Detox_body_Myhealthcoaching-600x550.jpg 600w, https:\/\/myhealthcoaching.de\/wp-content\/uploads\/2018\/04\/Detox_body_Myhealthcoaching-800x734.jpg 800w, https:\/\/myhealthcoaching.de\/wp-content\/uploads\/2018\/04\/Detox_body_Myhealthcoaching.jpg 1196w\" sizes=\"(max-width: 1009px) 100vw, 600px\" \/><\/span><\/div><div class=\"fusion-clearfix\"><\/div><\/div><\/div><\/div><\/div><div class=\"fusion-fullwidth fullwidth-box fusion-builder-row-2 nonhundred-percent-fullwidth non-hundred-percent-height-scrolling\" style=\"--awb-border-radius-top-left:0px;--awb-border-radius-top-right:0px;--awb-border-radius-bottom-right:0px;--awb-border-radius-bottom-left:0px;--awb-margin-top:80px;--awb-flex-wrap:wrap;\" ><div class=\"fusion-builder-row fusion-row\"><div class=\"fusion-layout-column fusion_builder_column fusion-builder-column-2 fusion_builder_column_1_6 1_6 fusion-one-sixth fusion-column-first\" style=\"--awb-bg-size:cover;width:16.666666666667%;width:calc(16.666666666667% - ( ( 4% + 4% ) * 0.16666666666667 ) );margin-right: 4%;\"><div class=\"fusion-column-wrapper fusion-flex-column-wrapper-legacy\"><div class=\"fusion-clearfix\"><\/div><\/div><\/div><div class=\"fusion-layout-column fusion_builder_column fusion-builder-column-3 fusion_builder_column_2_3 2_3 fusion-two-third\" style=\"--awb-bg-size:cover;width:66.666666666667%;width:calc(66.666666666667% - ( ( 4% + 4% ) * 0.66666666666667 ) );margin-right: 4%;\"><div class=\"fusion-column-wrapper fusion-flex-column-wrapper-legacy\"><div class=\"fusion-title title fusion-title-1 fusion-sep-none fusion-title-text fusion-title-size-one\"><h1 class=\"fusion-title-heading title-heading-left fusion-responsive-typography-calculated\" style=\"margin:0;--fontSize:54;line-height:1.6;\"><h1 style=\"text-align: left;\">La base de la sant\u00e9 se trouve dans l&rsquo;intestin.<\/h1><\/h1><\/div><div class=\"fusion-sep-clear\"><\/div><div class=\"fusion-separator fusion-full-width-sep\" style=\"margin-left: auto;margin-right: auto;margin-bottom:30px;width:100%;\"><\/div><div class=\"fusion-sep-clear\"><\/div><div class=\"fusion-text fusion-text-1\"><p>Notre corps a la capacit\u00e9 de se gu\u00e9rir. <strong>La base essentielle pour cela est toujours un syst\u00e8me immunitaire intact.<\/strong> Mais c&rsquo;est pr\u00e9cis\u00e9ment le point faible chez la plupart des gens, qui tirent une maladie apr\u00e8s l&rsquo;autre d&rsquo;une alimentation unilat\u00e9rale, d&rsquo;un usage trop fr\u00e9quent d&rsquo;antibiotiques sans traitement ult\u00e9rieur du tractus intestinal, d&rsquo;un exercice trop faible et trop de stress. C&rsquo;est l\u00e0 que commence le travail de Detox et Cleanse du corps. Le nettoyage du corps et la construction du syst\u00e8me immunitaire sont une partie essentielle de ce travail.<\/p>\n<\/div><div class=\"fusion-text fusion-text-2\"><p>Detox et Cleanse signifie nettoyer l&rsquo;intestin, revitaliser votre corps et stimuler votre syst\u00e8me immunitaire. Pour des cultures mill\u00e9naires, ce type de nettoyage fait naturellement partie de la vie. Nous connaissions les nombreux avantages du nettoyage \u00e0 l&rsquo;int\u00e9rieur: des cellules corporelles saines et vitales, des looks jeunes et frais, plus d&rsquo;\u00e9nergie et de forme physique, une clart\u00e9 mentale et un syst\u00e8me immunitaire stable.<\/p>\n<h4>L&rsquo;un des secrets cl\u00e9s de la sant\u00e9 r\u00e9side dans l&rsquo;intestin intact et dans chaque cellule que nous fournissons avec notre nutrition.<\/h4>\n<p>Dans le r\u00e9gime alimentaire d&rsquo;aujourd&rsquo;hui, avec les toxines environnementales qui nous entourent partout, le syst\u00e8me immunitaire est assez stress\u00e9. En outre, il y a souvent une augmentation des antibiotiques et de l&rsquo;hyperacidit\u00e9 due \u00e0 une di\u00e8te unilat\u00e9rale acidifiante et \u00e0 l&rsquo;alcool, qui endommagent notre flore intestinale. Beaucoup de gens souffrent alors d&rsquo;allergies, de migraines, d&rsquo;humeurs d\u00e9pressives et de surpoids. Souvent, ils ne re\u00e7oivent alors que des m\u00e9dicaments d&rsquo;ordonnance qui ne parviennent pas \u00e0 la cause profonde et, dans certains cas, augmentent m\u00eame le fardeau sur le corps.<\/p>\n<h4>Un Detox ou Cleanse peut \u00eatre une mesure qui change la vie!<\/h4>\n<\/div><div class=\"fusion-sep-clear\"><\/div><div class=\"fusion-separator fusion-full-width-sep\" style=\"margin-left: auto;margin-right: auto;margin-top:30px;width:100%;\"><div class=\"fusion-separator-border sep-double\" style=\"--awb-height:20px;--awb-amount:20px;border-color:#e0dede;border-top-width:0px;border-bottom-width:0px;\"><\/div><\/div><div class=\"fusion-sep-clear\"><\/div><div class=\"fusion-clearfix\"><\/div><\/div><\/div><div class=\"fusion-layout-column fusion_builder_column fusion-builder-column-4 fusion_builder_column_1_6 1_6 fusion-one-sixth fusion-column-last\" style=\"--awb-bg-size:cover;width:16.666666666667%;width:calc(16.666666666667% - ( ( 4% + 4% ) * 0.16666666666667 ) );\"><div class=\"fusion-column-wrapper fusion-flex-column-wrapper-legacy\"><div class=\"fusion-clearfix\"><\/div><\/div><\/div><\/div><\/div><div class=\"fusion-fullwidth fullwidth-box fusion-builder-row-3 nonhundred-percent-fullwidth non-hundred-percent-height-scrolling\" style=\"--awb-border-radius-top-left:0px;--awb-border-radius-top-right:0px;--awb-border-radius-bottom-right:0px;--awb-border-radius-bottom-left:0px;--awb-margin-top:60px;--awb-background-color:#f2efea;--awb-flex-wrap:wrap;\" ><div class=\"fusion-builder-row fusion-row\"><div class=\"fusion-layout-column fusion_builder_column fusion-builder-column-5 fusion_builder_column_1_5 1_5 fusion-one-fifth fusion-column-first\" style=\"--awb-bg-size:cover;width:20%;width:calc(20% - ( ( 4% + 4% ) * 0.2 ) );margin-right: 4%;\"><div class=\"fusion-column-wrapper fusion-flex-column-wrapper-legacy\"><div class=\"fusion-clearfix\"><\/div><\/div><\/div><div class=\"fusion-layout-column fusion_builder_column fusion-builder-column-6 fusion_builder_column_3_5 3_5 fusion-three-fifth\" style=\"--awb-bg-size:cover;width:60%;width:calc(60% - ( ( 4% + 4% ) * 0.6 ) );margin-right: 4%;\"><div class=\"fusion-column-wrapper fusion-flex-column-wrapper-legacy\"><div class=\"fusion-sep-clear\"><\/div><div class=\"fusion-separator fusion-full-width-sep\" style=\"margin-left: auto;margin-right: auto;margin-top:60px;width:100%;\"><div class=\"fusion-separator-border sep-double\" style=\"--awb-height:20px;--awb-amount:20px;border-color:#e0dede;border-top-width:0px;border-bottom-width:0px;\"><\/div><\/div><div class=\"fusion-sep-clear\"><\/div><div class=\"fusion-title title fusion-title-2 fusion-sep-none fusion-title-text fusion-title-size-one\"><h1 class=\"fusion-title-heading title-heading-left fusion-responsive-typography-calculated\" style=\"margin:0;--fontSize:54;line-height:1.6;\"><h3 id=\"yui_3_17_2_1_1516129004530_258\" class=\"text-align-center\">UN DETOX OU NETTOYAGE COMPREND:<\/h3><\/h1><\/div><div class=\"fusion-text fusion-text-3\"><ul>\n<li>Discussion de votre historique de sant\u00e9<\/li>\n<li>Introduction au sujet, aux causes et aux relations<\/li>\n<li>Pr\u00e9sentation des produits purs naturels Detox \/ Cleanse<\/li>\n<li>Cr\u00e9ation d&rsquo;un plan de sant\u00e9<\/li>\n<li>Int\u00e9gration d&rsquo;un entra\u00eenement physique personnalis\u00e9<\/li>\n<li>Smoothies verts, pr\u00e9sentation et pr\u00e9paration de diverses recettes<\/li>\n<li>Echange et conseil par l&rsquo;entra\u00eeneur: 4 s\u00e9ances pendant 4 semaines<\/li>\n<li>documents \u00e0 l&rsquo;appui: recettes simples et saines, liens et liste de lecture<\/li>\n<li>6 sessions, en partie par t\u00e9l\u00e9phone ou Skype<strong><br \/>\n<\/strong><strong><br \/>\n<\/strong><\/li>\n<\/ul>\n<\/div><div class=\"fusion-sep-clear\"><\/div><div class=\"fusion-separator fusion-full-width-sep\" style=\"margin-left: auto;margin-right: auto;margin-top:60px;width:100%;\"><div class=\"fusion-separator-border sep-double\" style=\"--awb-height:20px;--awb-amount:20px;border-color:#e0dede;border-top-width:0px;border-bottom-width:0px;\"><\/div><\/div><div class=\"fusion-sep-clear\"><\/div><div class=\"fusion-clearfix\"><\/div><\/div><\/div><div class=\"fusion-layout-column fusion_builder_column fusion-builder-column-7 fusion_builder_column_1_5 1_5 fusion-one-fifth fusion-column-last\" style=\"--awb-bg-size:cover;width:20%;width:calc(20% - ( ( 4% + 4% ) * 0.2 ) );\"><div class=\"fusion-column-wrapper fusion-flex-column-wrapper-legacy\"><div class=\"fusion-clearfix\"><\/div><\/div><\/div><\/div><\/div><div class=\"fusion-fullwidth fullwidth-box fusion-builder-row-4 nonhundred-percent-fullwidth non-hundred-percent-height-scrolling\" style=\"--awb-border-radius-top-left:0px;--awb-border-radius-top-right:0px;--awb-border-radius-bottom-right:0px;--awb-border-radius-bottom-left:0px;--awb-margin-bottom:50px;--awb-flex-wrap:wrap;\" ><div class=\"fusion-builder-row fusion-row\"><div class=\"fusion-layout-column fusion_builder_column fusion-builder-column-8 fusion_builder_column_1_1 1_1 fusion-one-full fusion-column-first fusion-column-last\" style=\"--awb-bg-size:cover;\"><div class=\"fusion-column-wrapper fusion-flex-column-wrapper-legacy\"><div class=\"fusion-sep-clear\"><\/div><div class=\"fusion-separator fusion-full-width-sep\" style=\"margin-left: auto;margin-right: auto;margin-bottom:50px;width:100%;\"><div class=\"fusion-separator-border sep-double\" style=\"--awb-height:20px;--awb-amount:20px;border-color:#e0dede;border-top-width:0px;border-bottom-width:0px;\"><\/div><\/div><div class=\"fusion-sep-clear\"><\/div><div class=\"fusion-text fusion-text-4\"><h5 style=\"text-align: center;\" data-fontsize=\"24\" data-lineheight=\"33\">Contactez-moi pour vous offrir une<\/h5>\n<\/div><div class=\"fusion-aligncenter\"><a class=\"fusion-button button-flat button-xlarge button-custom fusion-button-default button-1 fusion-button-default-span \" style=\"--button_accent_color:#ffffff;--button_accent_hover_color:#ffffff;--button_border_hover_color:#ffffff;--button_border_width-top:0;--button_border_width-right:0;--button_border_width-bottom:0;--button_border_width-left:0;--button_gradient_top_color:#00e8b9;--button_gradient_bottom_color:#00e8b9;--button_gradient_top_color_hover:#000000;--button_gradient_bottom_color_hover:#000000;\" target=\"_self\" href=\"http:\/\/myhealthcoaching.de\/fr\/contact\"><span class=\"fusion-button-text\">PREMI\u00c8RE CONSULTATION <\/span><\/a><\/div><div class=\"fusion-sep-clear\"><\/div><div class=\"fusion-separator fusion-full-width-sep\" style=\"margin-left: auto;margin-right: auto;margin-bottom:50px;width:100%;\"><div class=\"fusion-separator-border sep-double\" style=\"--awb-height:20px;--awb-amount:20px;border-color:#e0dede;border-top-width:0px;border-bottom-width:0px;\"><\/div><\/div><div class=\"fusion-sep-clear\"><\/div><div class=\"fusion-clearfix\"><\/div><\/div><\/div><\/div><\/div><\/p>\n","protected":false},"excerpt":{"rendered":"","protected":false},"author":1,"featured_media":0,"parent":0,"menu_order":0,"comment_status":"closed","ping_status":"closed","template":"100-width.php","meta":{"jetpack_post_was_ever_published":false,"footnotes":""},"class_list":["post-1091","page","type-page","status-publish","hentry"],"aioseo_notices":[],"jetpack_sharing_enabled":true,"jetpack_shortlink":"https:\/\/wp.me\/P9GS06-hB","_links":{"self":[{"href":"https:\/\/myhealthcoaching.de\/fr\/wp-json\/wp\/v2\/pages\/1091","targetHints":{"allow":["GET"]}}],"collection":[{"href":"https:\/\/myhealthcoaching.de\/fr\/wp-json\/wp\/v2\/pages"}],"about":[{"href":"https:\/\/myhealthcoaching.de\/fr\/wp-json\/wp\/v2\/types\/page"}],"author":[{"embeddable":true,"href":"https:\/\/myhealthcoaching.de\/fr\/wp-json\/wp\/v2\/users\/1"}],"replies":[{"embeddable":true,"href":"https:\/\/myhealthcoaching.de\/fr\/wp-json\/wp\/v2\/comments?post=1091"}],"version-history":[{"count":46,"href":"https:\/\/myhealthcoaching.de\/fr\/wp-json\/wp\/v2\/pages\/1091\/revisions"}],"predecessor-version":[{"id":1678,"href":"https:\/\/myhealthcoaching.de\/fr\/wp-json\/wp\/v2\/pages\/1091\/revisions\/1678"}],"wp:attachment":[{"href":"https:\/\/myhealthcoaching.de\/fr\/wp-json\/wp\/v2\/media?parent=1091"}],"curies":[{"name":"wp","href":"https:\/\/api.w.org\/{rel}","templated":true}]}}