{"id":1079,"date":"2018-01-26T18:33:31","date_gmt":"2018-01-26T18:33:31","guid":{"rendered":"http:\/\/myhealthcoaching.de\/de\/?page_id=1079"},"modified":"2018-07-15T10:40:42","modified_gmt":"2018-07-15T10:40:42","slug":"whatishealthcoaching","status":"publish","type":"page","link":"https:\/\/myhealthcoaching.de\/fr\/whatishealthcoaching","title":{"rendered":"Coaching Sant\u00e9?"},"content":{"rendered":"<p><div class=\"fusion-fullwidth fullwidth-box fusion-builder-row-1 nonhundred-percent-fullwidth non-hundred-percent-height-scrolling\" style=\"--awb-border-radius-top-left:0px;--awb-border-radius-top-right:0px;--awb-border-radius-bottom-right:0px;--awb-border-radius-bottom-left:0px;--awb-margin-top:80px;--awb-flex-wrap:wrap;\" ><div class=\"fusion-builder-row fusion-row\"><div class=\"fusion-layout-column fusion_builder_column fusion-builder-column-0 fusion_builder_column_1_6 1_6 fusion-one-sixth fusion-column-first\" style=\"--awb-bg-size:cover;width:16.666666666667%;width:calc(16.666666666667% - ( ( 4% + 4% ) * 0.16666666666667 ) );margin-right: 4%;\"><div class=\"fusion-column-wrapper fusion-flex-column-wrapper-legacy\"><div class=\"fusion-clearfix\"><\/div><\/div><\/div><div class=\"fusion-layout-column fusion_builder_column fusion-builder-column-1 fusion_builder_column_2_3 2_3 fusion-two-third\" style=\"--awb-bg-size:cover;width:66.666666666667%;width:calc(66.666666666667% - ( ( 4% + 4% ) * 0.66666666666667 ) );margin-right: 4%;\"><div class=\"fusion-column-wrapper fusion-flex-column-wrapper-legacy\"><div class=\"fusion-title title fusion-title-1 fusion-sep-none fusion-title-text fusion-title-size-one\"><h1 class=\"fusion-title-heading title-heading-left fusion-responsive-typography-calculated\" style=\"margin:0;--fontSize:54;line-height:1.6;\"><h1 style=\"text-align: left;\">Coaching Holistique Sant\u00e9<\/h1><\/h1><\/div><div class=\"fusion-sep-clear\"><\/div><div class=\"fusion-separator fusion-full-width-sep\" style=\"margin-left: auto;margin-right: auto;margin-top:20px;margin-bottom:40px;width:100%;\"><div class=\"fusion-separator-border sep-single sep-solid\" style=\"--awb-height:20px;--awb-amount:20px;--awb-sep-color:#383535;border-color:#383535;border-top-width:1px;\"><\/div><\/div><div class=\"fusion-sep-clear\"><\/div><div class=\"fusion-text fusion-text-1\"><h4 style=\"text-align: center;\">La m\u00e9thode efficace pour la gestion de la sant\u00e9 et du bien-\u00eatre.<\/h4>\n<\/div><div class=\"fusion-sep-clear\"><\/div><div class=\"fusion-separator fusion-full-width-sep\" style=\"margin-left: auto;margin-right: auto;margin-top:20px;margin-bottom:40px;width:100%;\"><div class=\"fusion-separator-border sep-single sep-solid\" style=\"--awb-height:20px;--awb-amount:20px;--awb-sep-color:#383535;border-color:#383535;border-top-width:1px;\"><\/div><\/div><div class=\"fusion-sep-clear\"><\/div><div class=\"fusion-text fusion-text-2\"><p>Tout le monde veut se sentir bien et \u00eatre heureux. Cela inclut la sant\u00e9 physique et mentale, d&rsquo;\u00eatre en accord avec soi-m\u00eame et satisfait de sa vie, et d&rsquo;avoir la capacit\u00e9 de faire face aux d\u00e9fis qui peuvent se pr\u00e9senter. Le coaching de sant\u00e9 est le moyen de r\u00e9tablir cette forme d&rsquo;\u00e9quilibre physique et mental personnel.<\/p>\n<\/div><div class=\"fusion-clearfix\"><\/div><\/div><\/div><div class=\"fusion-layout-column fusion_builder_column fusion-builder-column-2 fusion_builder_column_1_6 1_6 fusion-one-sixth fusion-column-last\" style=\"--awb-bg-size:cover;width:16.666666666667%;width:calc(16.666666666667% - ( ( 4% + 4% ) * 0.16666666666667 ) );\"><div class=\"fusion-column-wrapper fusion-flex-column-wrapper-legacy\"><div class=\"fusion-clearfix\"><\/div><\/div><\/div><\/div><\/div><div class=\"fusion-fullwidth fullwidth-box fusion-builder-row-2 nonhundred-percent-fullwidth non-hundred-percent-height-scrolling\" style=\"--awb-border-radius-top-left:0px;--awb-border-radius-top-right:0px;--awb-border-radius-bottom-right:0px;--awb-border-radius-bottom-left:0px;--awb-margin-top:60px;--awb-background-color:#f2efea;--awb-flex-wrap:wrap;\" ><div class=\"fusion-builder-row fusion-row\"><div class=\"fusion-layout-column fusion_builder_column fusion-builder-column-3 fusion_builder_column_1_5 1_5 fusion-one-fifth fusion-column-first\" style=\"--awb-bg-size:cover;width:20%;width:calc(20% - ( ( 4% + 4% ) * 0.2 ) );margin-right: 4%;\"><div class=\"fusion-column-wrapper fusion-flex-column-wrapper-legacy\"><div class=\"fusion-clearfix\"><\/div><\/div><\/div><div class=\"fusion-layout-column fusion_builder_column fusion-builder-column-4 fusion_builder_column_3_5 3_5 fusion-three-fifth\" style=\"--awb-bg-size:cover;width:60%;width:calc(60% - ( ( 4% + 4% ) * 0.6 ) );margin-right: 4%;\"><div class=\"fusion-column-wrapper fusion-flex-column-wrapper-legacy\"><div class=\"fusion-sep-clear\"><\/div><div class=\"fusion-separator fusion-full-width-sep\" style=\"margin-left: auto;margin-right: auto;margin-top:60px;width:100%;\"><div class=\"fusion-separator-border sep-double\" style=\"--awb-height:20px;--awb-amount:20px;border-color:#e0dede;border-top-width:0px;border-bottom-width:0px;\"><\/div><\/div><div class=\"fusion-sep-clear\"><\/div><div class=\"fusion-title title fusion-title-2 fusion-sep-none fusion-title-text fusion-title-size-one\"><h1 class=\"fusion-title-heading title-heading-left fusion-responsive-typography-calculated\" style=\"margin:0;--fontSize:54;line-height:1.6;\"><h3 id=\"yui_3_17_2_1_1516129004530_258\" class=\"text-align-center\">LE COACHING COMPREND:<\/h3><\/h1><\/div><div class=\"fusion-text fusion-text-3\"><ul>\n<li>Bilan: Faire un \u00e9tat de lieux de votre \u00e9tat de sant\u00e9<\/li>\n<li>Identifier vos objectifs de sant\u00e9 \u00e0 court et \u00e0 long terme dans tous les domaines de la vie<\/li>\n<li>Clarification et r\u00e9solution des \u00e9ventuels blocages, traumatismes, sch\u00e9mas<\/li>\n<li>Cr\u00e9er un plan de sant\u00e9: d\u00e9finir les \u00e9tapes r\u00e9alisables pour atteindre vos objectifs<\/li>\n<li>\u00c9change r\u00e9gulier avec le coach et conseils<\/li>\n<li>Documents \u00e0 l&rsquo;appui: recettes simples et saines, liens, litt\u00e9rature et conseils<\/li>\n<li>Sugg\u00e9rer des traitements et mesures compl\u00e9mentaires <em>(Sat Nam Rasayan, Introduction \u00e0 la m\u00e9ditation, Space Clearing, etc.)<\/em><\/li>\n<\/ul>\n<\/div><div class=\"fusion-sep-clear\"><\/div><div class=\"fusion-separator fusion-full-width-sep\" style=\"margin-left: auto;margin-right: auto;margin-top:60px;width:100%;\"><div class=\"fusion-separator-border sep-double\" style=\"--awb-height:20px;--awb-amount:20px;border-color:#e0dede;border-top-width:0px;border-bottom-width:0px;\"><\/div><\/div><div class=\"fusion-sep-clear\"><\/div><div class=\"fusion-clearfix\"><\/div><\/div><\/div><div class=\"fusion-layout-column fusion_builder_column fusion-builder-column-5 fusion_builder_column_1_5 1_5 fusion-one-fifth fusion-column-last\" style=\"--awb-bg-size:cover;width:20%;width:calc(20% - ( ( 4% + 4% ) * 0.2 ) );\"><div class=\"fusion-column-wrapper fusion-flex-column-wrapper-legacy\"><div class=\"fusion-clearfix\"><\/div><\/div><\/div><\/div><\/div><div class=\"fusion-fullwidth fullwidth-box fusion-builder-row-3 nonhundred-percent-fullwidth non-hundred-percent-height-scrolling\" style=\"--awb-border-radius-top-left:0px;--awb-border-radius-top-right:0px;--awb-border-radius-bottom-right:0px;--awb-border-radius-bottom-left:0px;--awb-margin-top:80px;--awb-flex-wrap:wrap;\" ><div class=\"fusion-builder-row fusion-row\"><div class=\"fusion-layout-column fusion_builder_column fusion-builder-column-6 fusion_builder_column_1_6 1_6 fusion-one-sixth fusion-column-first\" style=\"--awb-bg-size:cover;width:16.666666666667%;width:calc(16.666666666667% - ( ( 4% + 4% ) * 0.16666666666667 ) );margin-right: 4%;\"><div class=\"fusion-column-wrapper fusion-flex-column-wrapper-legacy\"><div class=\"fusion-clearfix\"><\/div><\/div><\/div><div class=\"fusion-layout-column fusion_builder_column fusion-builder-column-7 fusion_builder_column_2_3 2_3 fusion-two-third\" style=\"--awb-bg-size:cover;width:66.666666666667%;width:calc(66.666666666667% - ( ( 4% + 4% ) * 0.66666666666667 ) );margin-right: 4%;\"><div class=\"fusion-column-wrapper fusion-flex-column-wrapper-legacy\"><div class=\"fusion-title title fusion-title-3 fusion-sep-none fusion-title-text fusion-title-size-one\"><h1 class=\"fusion-title-heading title-heading-left fusion-responsive-typography-calculated\" style=\"margin:0;--fontSize:54;line-height:1.6;\"><h5 style=\"text-align: left;\">Le point de d\u00e9part<\/h5><\/h1><\/div><div class=\"fusion-text fusion-text-4\"><p>Beaucoup de gens sont en souffrance. Ils souffrent de probl\u00e8mes digestifs, de maux d&rsquo;estomac chroniques, de maux de dos chroniques, d&rsquo;ob\u00e9sit\u00e9, d&rsquo;allergies, d&rsquo;asthme, d&rsquo;hypertension art\u00e9rielle, d&rsquo;h\u00e9morro\u00efdes, de migraines, d&rsquo;humeur d\u00e9pressive&#8230; Ils se sentent malheureux et \u00e9puis\u00e9s, ou se sentent quelque peu insatisfaits malgr\u00e9 l&rsquo;accomplissement r\u00e9el de leurs souhaits et objectifs, ou la procrastination leur p\u00e8se. Certains font un travail qu&rsquo;ils n&rsquo;aiment pas ou vivent avec un partenaire qu&rsquo;ils ne peuvent tout simplement pas aimer. Beaucoup de gens mettent toute leur \u00e9nergie dans des t\u00e2ches qu&rsquo;ils ne peuvent pas g\u00e9rer et dans un planning charg\u00e9 qui les prive de sommeil. Ou la famille et le travail sont la raison pour laquelle ils ne s&rsquo;occupent plus d&rsquo;eux-m\u00eames.<\/p>\n<p>A cela s&rsquo;ajoute certains m\u00e9decins se limitent \u00e0 traiter les sympt\u00f4mes sans forcement explorer les v\u00e9ritables origines. Bon nombre de m\u00e9thodes modernes de traitement n&rsquo;apportent donc qu&rsquo;une am\u00e9lioration temporaire.<\/p>\n<\/div><div class=\"fusion-text fusion-text-5\"><p>En tant que coach sant\u00e9, je travaille selon les principes de la m\u00e9decine fonctionnelle. Dans cette approche l&rsquo;\u00eatre humain est consid\u00e9r\u00e9 dans son ensemble: l&rsquo;histoire de sa sant\u00e9, ses pr\u00e9dispositions, son h\u00e9r\u00e9dit\u00e9, sa situation de vie et son mode de vie, ses \u00e9ventuels traumatismes ou des \u00e9motions qui se sont accumul\u00e9es dans le corps.<\/p>\n<\/div><div class=\"fusion-clearfix\"><\/div><\/div><\/div><div class=\"fusion-layout-column fusion_builder_column fusion-builder-column-8 fusion_builder_column_1_6 1_6 fusion-one-sixth fusion-column-last\" style=\"--awb-bg-size:cover;width:16.666666666667%;width:calc(16.666666666667% - ( ( 4% + 4% ) * 0.16666666666667 ) );\"><div class=\"fusion-column-wrapper fusion-flex-column-wrapper-legacy\"><div class=\"fusion-clearfix\"><\/div><\/div><\/div><\/div><\/div><div class=\"fusion-fullwidth fullwidth-box fusion-builder-row-4 nonhundred-percent-fullwidth non-hundred-percent-height-scrolling\" style=\"--awb-border-radius-top-left:0px;--awb-border-radius-top-right:0px;--awb-border-radius-bottom-right:0px;--awb-border-radius-bottom-left:0px;--awb-margin-top:60px;--awb-flex-wrap:wrap;\" ><div class=\"fusion-builder-row fusion-row\"><div class=\"fusion-layout-column fusion_builder_column fusion-builder-column-9 fusion_builder_column_1_6 1_6 fusion-one-sixth fusion-column-first\" style=\"--awb-bg-size:cover;width:16.666666666667%;width:calc(16.666666666667% - ( ( 4% + 4% ) * 0.16666666666667 ) );margin-right: 4%;\"><div class=\"fusion-column-wrapper fusion-flex-column-wrapper-legacy\"><div class=\"fusion-clearfix\"><\/div><\/div><\/div><div class=\"fusion-layout-column fusion_builder_column fusion-builder-column-10 fusion_builder_column_2_3 2_3 fusion-two-third\" style=\"--awb-bg-size:cover;width:66.666666666667%;width:calc(66.666666666667% - ( ( 4% + 4% ) * 0.66666666666667 ) );margin-right: 4%;\"><div class=\"fusion-column-wrapper fusion-flex-column-wrapper-legacy\"><div class=\"fusion-image-element in-legacy-container\" style=\"--awb-caption-title-font-family:var(--h2_typography-font-family);--awb-caption-title-font-weight:var(--h2_typography-font-weight);--awb-caption-title-font-style:var(--h2_typography-font-style);--awb-caption-title-size:var(--h2_typography-font-size);--awb-caption-title-transform:var(--h2_typography-text-transform);--awb-caption-title-line-height:var(--h2_typography-line-height);--awb-caption-title-letter-spacing:var(--h2_typography-letter-spacing);\"><span class=\" fusion-imageframe imageframe-none imageframe-1 hover-type-none\"><img decoding=\"async\" width=\"313\" height=\"26\" title=\"Logo_Myhealthcoaching\" src=\"http:\/\/myhealthcoaching.de\/wp-content\/uploads\/2018\/01\/Logo_Myhealthcoaching-1.png\" alt class=\"img-responsive wp-image-969\" srcset=\"https:\/\/myhealthcoaching.de\/wp-content\/uploads\/2018\/01\/Logo_Myhealthcoaching-1-200x17.png 200w, https:\/\/myhealthcoaching.de\/wp-content\/uploads\/2018\/01\/Logo_Myhealthcoaching-1.png 313w\" sizes=\"(max-width: 1009px) 100vw, 313px\" \/><\/span><\/div><div class=\"fusion-sep-clear\"><\/div><div class=\"fusion-separator fusion-full-width-sep\" style=\"margin-left: auto;margin-right: auto;margin-top:20px;margin-bottom:40px;width:100%;\"><div class=\"fusion-separator-border sep-single sep-solid\" style=\"--awb-height:20px;--awb-amount:20px;--awb-sep-color:#383535;border-color:#383535;border-top-width:1px;\"><\/div><\/div><div class=\"fusion-sep-clear\"><\/div><div class=\"fusion-text fusion-text-6\"><h4>L&rsquo;\u00catre humain doit \u00eatre consid\u00e9r\u00e9 dans toute sa complexit\u00e9 en tenant compte de l&rsquo;interaction de toutes ses parties. C&rsquo;est la base de mon travail.<\/h4>\n<\/div><div class=\"fusion-sep-clear\"><\/div><div class=\"fusion-separator fusion-full-width-sep\" style=\"margin-left: auto;margin-right: auto;margin-top:20px;margin-bottom:20px;width:100%;\"><div class=\"fusion-separator-border sep-single sep-solid\" style=\"--awb-height:20px;--awb-amount:20px;--awb-sep-color:#383535;border-color:#383535;border-top-width:1px;\"><\/div><\/div><div class=\"fusion-sep-clear\"><\/div><div class=\"fusion-text fusion-text-7\"><p>Quand les conditions sont favorables, notre corps a la capacit\u00e9 de se gu\u00e9rir. <strong>Pour que chacun \u00e0 son niveau individuel puisse b\u00e9n\u00e9ficier d&rsquo;une sant\u00e9 optimale, un syst\u00e8me immunitaire en bon \u00e9tat de fonctionnement est\u00a0indispensable.\u00a0<\/strong> Mais c&rsquo;est pr\u00e9cis\u00e9ment le point faible pour beaucoup de personnes qui souffrent de maladies \u00e0 r\u00e9p\u00e9tition, souvent en lien avec une alimentation peu vari\u00e9e, de traitements trop fr\u00e9quents avec des antibiotiques sans pris en charge de la flore intestinale, un manque d&rsquo;activit\u00e9 physique et trop de stress. C&rsquo;est l\u00e0 que commence la detoxification du corps: le nettoyage intestinale \u00a0et le renforcement du syst\u00e8me immunitaire sont une partie essentielle de mon travail.<\/p>\n<p><strong>La deuxi\u00e8me grande composante de mon approche concerne une prise de<\/strong><strong>\u00a0conscience du stress et sa r\u00e9duction.<\/strong>\u00a0Ensemble, les exp\u00e9riences pass\u00e9es stock\u00e9es dans l&rsquo;inconscient peuvent \u00eatre abord\u00e9es et de fausses croyances peuvent \u00eatre transform\u00e9es positivement pour vous rapprocher de la r\u00e9alisation de vos objectifs. Avec l&rsquo;aide de techniques mentales, vous pouvez r\u00e9duire le stress et trouver une tranquillit\u00e9 d&rsquo;esprit, car le stress se manifeste sous une multitude de formes diff\u00e9rentes. Aller mieux mentalement et psychologiquement est possible.<\/p>\n<\/div><div class=\"fusion-clearfix\"><\/div><\/div><\/div><div class=\"fusion-layout-column fusion_builder_column fusion-builder-column-11 fusion_builder_column_1_6 1_6 fusion-one-sixth fusion-column-last\" style=\"--awb-bg-size:cover;width:16.666666666667%;width:calc(16.666666666667% - ( ( 4% + 4% ) * 0.16666666666667 ) );\"><div class=\"fusion-column-wrapper fusion-flex-column-wrapper-legacy\"><div class=\"fusion-clearfix\"><\/div><\/div><\/div><\/div><\/div><div class=\"fusion-fullwidth fullwidth-box fusion-builder-row-5 nonhundred-percent-fullwidth non-hundred-percent-height-scrolling\" style=\"--awb-border-radius-top-left:0px;--awb-border-radius-top-right:0px;--awb-border-radius-bottom-right:0px;--awb-border-radius-bottom-left:0px;--awb-margin-top:40px;--awb-flex-wrap:wrap;\" ><div class=\"fusion-builder-row fusion-row\"><div class=\"fusion-layout-column fusion_builder_column fusion-builder-column-12 fusion_builder_column_1_6 1_6 fusion-one-sixth fusion-column-first\" style=\"--awb-bg-size:cover;width:16.666666666667%;width:calc(16.666666666667% - ( ( 4% + 4% ) * 0.16666666666667 ) );margin-right: 4%;\"><div class=\"fusion-column-wrapper fusion-flex-column-wrapper-legacy\"><div class=\"fusion-clearfix\"><\/div><\/div><\/div><div class=\"fusion-layout-column fusion_builder_column fusion-builder-column-13 fusion_builder_column_2_3 2_3 fusion-two-third\" style=\"--awb-bg-size:cover;width:66.666666666667%;width:calc(66.666666666667% - ( ( 4% + 4% ) * 0.66666666666667 ) );margin-right: 4%;\"><div class=\"fusion-column-wrapper fusion-flex-column-wrapper-legacy\"><div class=\"fusion-flip-boxes flip-boxes row fusion-columns-1 flip-effect-classic\"><div class=\"fusion-flip-box-wrapper fusion-column col-lg-12 col-md-12 col-sm-12\"><div class=\"fusion-flip-box flip-right\" tabindex=\"0\"><div class=\"flip-box-inner-wrapper\"><div class=\"flip-box-front\"><div class=\"flip-box-front-inner\"><h2 class=\"flip-box-heading without-text\">QU'EST-CE QUE LA M\u00c9DECINE FONCTIONNELLE?<\/h2><\/div><\/div><div class=\"flip-box-back\"><div class=\"flip-box-back-inner\"><h3 class=\"flip-box-heading-back\">LE MOD\u00c8LE DE M\u00c9DECINE FONCTIONNELLE<\/h3>\n<p>est une approche individualis\u00e9e, centr\u00e9e sur le patient et bas\u00e9e sur la science qui permet aux patients et aux m\u00e9decins de travailler ensemble sur les causes sous-jacentes de la maladie et de promouvoir un bien-\u00eatre optimal. Elle n\u00e9cessite une compr\u00e9hension d\u00e9taill\u00e9e des facteurs g\u00e9n\u00e9tiques, biochimiques et du style de vie de chaque patient et utilise ces donn\u00e9es pour cr\u00e9er des plans de traitement personnalis\u00e9s qui am\u00e9liorent les r\u00e9sultats pour les patients.\u00a0Le but du praticien est de comprendre la complexit\u00e9 de la manifestation physique des sympt\u00f4mes.<\/p>\n<p><a href=\"http:\/\/www.ifm.org\">The Institute of Functional Medicine\u00ae<\/a><\/p>\n<\/div><\/div><\/div><\/div><\/div><\/div><div class=\"clearfix\"><\/div><div class=\"fusion-clearfix\"><\/div><\/div><\/div><div class=\"fusion-layout-column fusion_builder_column fusion-builder-column-14 fusion_builder_column_1_6 1_6 fusion-one-sixth fusion-column-last\" style=\"--awb-bg-size:cover;width:16.666666666667%;width:calc(16.666666666667% - ( ( 4% + 4% ) * 0.16666666666667 ) );\"><div class=\"fusion-column-wrapper fusion-flex-column-wrapper-legacy\"><div class=\"fusion-clearfix\"><\/div><\/div><\/div><\/div><\/div><div class=\"fusion-fullwidth fullwidth-box fusion-builder-row-6 nonhundred-percent-fullwidth non-hundred-percent-height-scrolling\" style=\"--awb-border-radius-top-left:0px;--awb-border-radius-top-right:0px;--awb-border-radius-bottom-right:0px;--awb-border-radius-bottom-left:0px;--awb-margin-bottom:50px;--awb-flex-wrap:wrap;\" ><div class=\"fusion-builder-row fusion-row\"><div class=\"fusion-layout-column fusion_builder_column fusion-builder-column-15 fusion_builder_column_1_1 1_1 fusion-one-full fusion-column-first fusion-column-last\" style=\"--awb-bg-size:cover;\"><div class=\"fusion-column-wrapper fusion-flex-column-wrapper-legacy\"><div class=\"fusion-sep-clear\"><\/div><div class=\"fusion-separator fusion-full-width-sep\" style=\"margin-left: auto;margin-right: auto;margin-bottom:50px;width:100%;\"><div class=\"fusion-separator-border sep-double\" style=\"--awb-height:20px;--awb-amount:20px;border-color:#e0dede;border-top-width:0px;border-bottom-width:0px;\"><\/div><\/div><div class=\"fusion-sep-clear\"><\/div><div class=\"fusion-text fusion-text-8\"><h5 style=\"text-align: center;\" data-fontsize=\"24\" data-lineheight=\"33\">Contactez-moi pour vous offrir une<\/h5>\n<\/div><div class=\"fusion-aligncenter\"><a class=\"fusion-button button-flat button-xlarge button-custom fusion-button-default button-1 fusion-button-default-span \" style=\"--button_accent_color:#ffffff;--button_accent_hover_color:#ffffff;--button_border_hover_color:#ffffff;--button_border_width-top:0;--button_border_width-right:0;--button_border_width-bottom:0;--button_border_width-left:0;--button_gradient_top_color:#00e8b9;--button_gradient_bottom_color:#00e8b9;--button_gradient_top_color_hover:#000000;--button_gradient_bottom_color_hover:#000000;\" target=\"_self\" href=\"http:\/\/myhealthcoaching.de\/fr\/contact\"><span class=\"fusion-button-text\">PREMI\u00c8RE CONSULTATION <\/span><\/a><\/div><div class=\"fusion-sep-clear\"><\/div><div class=\"fusion-separator fusion-full-width-sep\" style=\"margin-left: auto;margin-right: auto;margin-bottom:50px;width:100%;\"><div class=\"fusion-separator-border sep-double\" style=\"--awb-height:20px;--awb-amount:20px;border-color:#e0dede;border-top-width:0px;border-bottom-width:0px;\"><\/div><\/div><div class=\"fusion-sep-clear\"><\/div><div class=\"fusion-clearfix\"><\/div><\/div><\/div><\/div><\/div><\/p>\n","protected":false},"excerpt":{"rendered":"","protected":false},"author":1,"featured_media":0,"parent":0,"menu_order":0,"comment_status":"closed","ping_status":"closed","template":"100-width.php","meta":{"jetpack_post_was_ever_published":false,"footnotes":""},"class_list":["post-1079","page","type-page","status-publish","hentry"],"aioseo_notices":[],"jetpack_sharing_enabled":true,"jetpack_shortlink":"https:\/\/wp.me\/P9GS06-hp","_links":{"self":[{"href":"https:\/\/myhealthcoaching.de\/fr\/wp-json\/wp\/v2\/pages\/1079","targetHints":{"allow":["GET"]}}],"collection":[{"href":"https:\/\/myhealthcoaching.de\/fr\/wp-json\/wp\/v2\/pages"}],"about":[{"href":"https:\/\/myhealthcoaching.de\/fr\/wp-json\/wp\/v2\/types\/page"}],"author":[{"embeddable":true,"href":"https:\/\/myhealthcoaching.de\/fr\/wp-json\/wp\/v2\/users\/1"}],"replies":[{"embeddable":true,"href":"https:\/\/myhealthcoaching.de\/fr\/wp-json\/wp\/v2\/comments?post=1079"}],"version-history":[{"count":37,"href":"https:\/\/myhealthcoaching.de\/fr\/wp-json\/wp\/v2\/pages\/1079\/revisions"}],"predecessor-version":[{"id":1548,"href":"https:\/\/myhealthcoaching.de\/fr\/wp-json\/wp\/v2\/pages\/1079\/revisions\/1548"}],"wp:attachment":[{"href":"https:\/\/myhealthcoaching.de\/fr\/wp-json\/wp\/v2\/media?parent=1079"}],"curies":[{"name":"wp","href":"https:\/\/api.w.org\/{rel}","templated":true}]}}