{"id":9,"date":"2016-11-01T15:39:26","date_gmt":"2016-11-01T15:39:26","guid":{"rendered":"http:\/\/myhealthcoaching.de\/?page_id=9"},"modified":"2019-07-03T23:43:43","modified_gmt":"2019-07-03T23:43:43","slug":"aboutme-2","status":"publish","type":"page","link":"https:\/\/myhealthcoaching.de\/de\/aboutme-2","title":{"rendered":"\u00dcBER MICH"},"content":{"rendered":"<p><div class=\"fusion-fullwidth fullwidth-box fusion-builder-row-1 nonhundred-percent-fullwidth non-hundred-percent-height-scrolling\" style=\"--awb-border-radius-top-left:0px;--awb-border-radius-top-right:0px;--awb-border-radius-bottom-right:0px;--awb-border-radius-bottom-left:0px;--awb-flex-wrap:wrap;\" ><div class=\"fusion-builder-row fusion-row\"><div class=\"fusion-layout-column fusion_builder_column fusion-builder-column-0 fusion_builder_column_1_2 1_2 fusion-one-half fusion-column-first\" style=\"--awb-padding-top:100px;--awb-padding-right:40px;--awb-bg-color:#ffffff;--awb-bg-color-hover:#ffffff;--awb-bg-size:cover;width:50%;width:calc(50% - ( ( 4% ) * 0.5 ) );margin-right: 4%;\"><div class=\"fusion-column-wrapper fusion-flex-column-wrapper-legacy\"><div class=\"fusion-image-element in-legacy-container\" style=\"--awb-caption-title-font-family:var(--h2_typography-font-family);--awb-caption-title-font-weight:var(--h2_typography-font-weight);--awb-caption-title-font-style:var(--h2_typography-font-style);--awb-caption-title-size:var(--h2_typography-font-size);--awb-caption-title-transform:var(--h2_typography-text-transform);--awb-caption-title-line-height:var(--h2_typography-line-height);--awb-caption-title-letter-spacing:var(--h2_typography-letter-spacing);\"><span class=\" fusion-imageframe imageframe-none imageframe-1 hover-type-none\"><img decoding=\"async\" width=\"600\" height=\"400\" title=\"_MG_0122C\" src=\"http:\/\/myhealthcoaching.de\/wp-content\/uploads\/2018\/01\/MG_0122C-600x400.jpg\" alt class=\"img-responsive wp-image-740\" srcset=\"https:\/\/myhealthcoaching.de\/wp-content\/uploads\/2018\/01\/MG_0122C-200x133.jpg 200w, https:\/\/myhealthcoaching.de\/wp-content\/uploads\/2018\/01\/MG_0122C-400x267.jpg 400w, https:\/\/myhealthcoaching.de\/wp-content\/uploads\/2018\/01\/MG_0122C-600x400.jpg 600w, https:\/\/myhealthcoaching.de\/wp-content\/uploads\/2018\/01\/MG_0122C.jpg 800w\" sizes=\"(max-width: 1009px) 100vw, 600px\" \/><\/span><\/div><div class=\"fusion-clearfix\"><\/div><\/div><\/div><div class=\"fusion-layout-column fusion_builder_column fusion-builder-column-1 fusion_builder_column_1_2 1_2 fusion-one-half fusion-column-last\" style=\"--awb-bg-size:cover;width:50%;width:calc(50% - ( ( 4% ) * 0.5 ) );\"><div class=\"fusion-column-wrapper fusion-flex-column-wrapper-legacy\"><div class=\"fusion-sep-clear\"><\/div><div class=\"fusion-separator fusion-full-width-sep\" style=\"margin-left: auto;margin-right: auto;margin-bottom:20px;width:100%;\"><div class=\"fusion-separator-border sep-double\" style=\"--awb-height:20px;--awb-amount:20px;border-color:#e0dede;border-top-width:0px;border-bottom-width:0px;\"><\/div><\/div><div class=\"fusion-sep-clear\"><\/div><div class=\"fusion-title title fusion-title-1 fusion-sep-none fusion-title-text fusion-title-size-one\"><h1 class=\"fusion-title-heading title-heading-left fusion-responsive-typography-calculated\" style=\"margin:0;--fontSize:54;line-height:1.6;\"><h1>MARTINA SCHL\u00dcTER<\/h1><\/h1><\/div><div class=\"fusion-text fusion-text-1\"><h3>Holistic Health Coach<\/h3>\n<p><i>Ganzheitliche Ern\u00e4hrungs- und\u00a0Gesundheitsberaterin<\/i><br \/>\n<em>Sat Nam Rasayan<\/em>\u00a0&#038;\u00a0<em>Meditation<\/em><\/p>\n<\/div><div class=\"fusion-sep-clear\"><\/div><div class=\"fusion-separator fusion-full-width-sep\" style=\"margin-left: auto;margin-right: auto;margin-bottom:20px;width:100%;\"><div class=\"fusion-separator-border sep-double\" style=\"--awb-height:20px;--awb-amount:20px;border-color:#e0dede;border-top-width:0px;border-bottom-width:0px;\"><\/div><\/div><div class=\"fusion-sep-clear\"><\/div><div class=\"fusion-text fusion-text-2\"><p>In meiner Ausbildung als <strong>zertifizierter ganzheitlicher Gesundheitscoach<\/strong>\u00a0habe ich innovative Coachingmethoden, praktische Lifestyle-Management Techniken und diverse Ern\u00e4hrungskonzepte kennengelernt \u2013 von Glutenfrei, Paleo, Rohkost, Vegan, Ayurveda, Macrobiotisch und allem dazwischen.<\/p>\n<p>2004 begann ich, mich mit alternativen Heilungsmethoden zu besch\u00e4ftigen und durfte die\u00a0Effizienz und Struktur von verschiedenen Therapie-und Coachingmethoden im Bereich der\u00a0Pers\u00f6nlichkeitsentwicklung, Selbstheilung, Traumatherapie und K\u00f6rperarbeit erfahren und erlernen.Seit 2015 bin ich <strong>Sat Nam Rasayan Practicioner<\/strong>. Diese Form der uralten meditativen Heilkunst hat mein Leben nachhaltig beeinflusst.<\/p>\n<p>Ich habe viele Jahre lang als selbstst\u00e4ndige Kommunikationsdesignerin gearbeitet und musste in dieser Zeit pers\u00f6nliche gesundheitliche Herausforderungen bew\u00e4ltigen, die mir nur auf dem Wege der traditionellen modernen Medizin nicht gel\u00f6st werden konnten. Aus dieser pers\u00f6nlichen Erfahrung und den alternativen Methoden und Gesundheitspraktiken, die ich auf diesem Weg lernen und in denen ich mich auch weiterhin \u00a0fortbilden darf, \u00a0sind die Basis f\u00fcr eine authentische Zusammenarbeit mit meinen Kunden.\u00a0Ganzheitliches Coaching bedeutet f\u00fcr mich die Zukunft der Gesundheitsvorsorge.<\/p>\n<\/div><div class=\"fusion-sep-clear\"><\/div><div class=\"fusion-separator fusion-full-width-sep\" style=\"margin-left: auto;margin-right: auto;margin-bottom:40px;width:100%;\"><div class=\"fusion-separator-border sep-double\" style=\"--awb-height:20px;--awb-amount:20px;border-color:#e0dede;border-top-width:0px;border-bottom-width:0px;\"><\/div><\/div><div class=\"fusion-sep-clear\"><\/div><div class=\"fusion-clearfix\"><\/div><\/div><\/div><\/div><\/div><div class=\"fusion-fullwidth fullwidth-box fusion-builder-row-2 nonhundred-percent-fullwidth non-hundred-percent-height-scrolling\" style=\"--awb-border-radius-top-left:0px;--awb-border-radius-top-right:0px;--awb-border-radius-bottom-right:0px;--awb-border-radius-bottom-left:0px;--awb-background-color:rgba(234,234,234,0);--awb-flex-wrap:wrap;\" ><div class=\"fusion-builder-row fusion-row\"><div class=\"fusion-layout-column fusion_builder_column fusion-builder-column-2 fusion_builder_column_1_5 1_5 fusion-one-fifth fusion-column-first\" style=\"--awb-bg-size:cover;width:20%;width:calc(20% - ( ( 4% + 4% ) * 0.2 ) );margin-right: 4%;\"><div class=\"fusion-column-wrapper fusion-flex-column-wrapper-legacy\"><div class=\"fusion-clearfix\"><\/div><\/div><\/div><div class=\"fusion-layout-column fusion_builder_column fusion-builder-column-3 fusion_builder_column_3_5 3_5 fusion-three-fifth\" style=\"--awb-bg-size:cover;width:60%;width:calc(60% - ( ( 4% + 4% ) * 0.6 ) );margin-right: 4%;\"><div class=\"fusion-column-wrapper fusion-flex-column-wrapper-legacy\"><div class=\"fusion-tabs fusion-tabs-1 clean nav-is-justified horizontal-tabs icon-position-top mobile-mode-accordion\" style=\"--awb-title-border-radius-top-left:0px;--awb-title-border-radius-top-right:0px;--awb-title-border-radius-bottom-right:0px;--awb-title-border-radius-bottom-left:0px;--awb-inactive-color:#ffffff;--awb-background-color:#ffffff;--awb-border-color:#353535;--awb-active-border-color:#2cddbd;\"><div class=\"nav\"><ul class=\"nav-tabs nav-justified\" role=\"tablist\"><li class=\"active\" role=\"presentation\"><a class=\"tab-link\" data-toggle=\"tab\" role=\"tab\" aria-controls=\"tab-d4a958bcd59d9f358ba\" aria-selected=\"true\" id=\"fusion-tab-ausbildung\" href=\"#tab-d4a958bcd59d9f358ba\"><h4 class=\"fusion-tab-heading\">Ausbildung<\/h4><\/a><\/li><li role=\"presentation\"><a class=\"tab-link\" data-toggle=\"tab\" role=\"tab\" aria-controls=\"tab-4ed8ca996f2064d18b9\" aria-selected=\"false\" tabindex=\"-1\" id=\"fusion-tab-arbeitsweise\" href=\"#tab-4ed8ca996f2064d18b9\"><h4 class=\"fusion-tab-heading\">Arbeitsweise<\/h4><\/a><\/li><\/ul><\/div><div class=\"tab-content\"><div class=\"nav fusion-mobile-tab-nav\"><ul class=\"nav-tabs nav-justified\" role=\"tablist\"><li class=\"active\" role=\"presentation\"><a class=\"tab-link\" data-toggle=\"tab\" role=\"tab\" aria-controls=\"tab-d4a958bcd59d9f358ba\" aria-selected=\"true\" id=\"mobile-fusion-tab-ausbildung\" href=\"#tab-d4a958bcd59d9f358ba\"><h4 class=\"fusion-tab-heading\">Ausbildung<\/h4><\/a><\/li><\/ul><\/div><div class=\"tab-pane fade fusion-clearfix in active\" role=\"tabpanel\" tabindex=\"0\" aria-labelledby=\"fusion-tab-ausbildung\" id=\"tab-d4a958bcd59d9f358ba\">\n<div class=\"fusion-title title fusion-sep-none fusion-title-size-one fusion-border-below-title\">\n<h3><b>Ich wurde u.a. von folgenden Experten ausgebildet:<\/b><\/h3>\n<\/div>\n<div class=\"fusion-text\">\n<ul>\n<li><strong>Joshua Rosenthal<\/strong>,<em> Gr\u00fcnder und Leiter des Instituts f\u00fcr Integrative Ern\u00e4hrung (IIN)<br \/>\n<\/em><\/li>\n<li><strong>Deepak Chopra<\/strong><strong>, MD,<\/strong><em>\u00a0Meditations Guru, F\u00fchrend auf dem Gebiet<br \/>\nder Medizin von K\u00f6rper und Geist (mind body medicine)<\/em><\/li>\n<li><strong>David Katz, MD, MPH<\/strong>,<em> Direktor des Pr\u00e4ventivforschungszentrums der Universit\u00e4t von Yale<br \/>\n<\/em><\/li>\n<li><strong>Walter Willett, MD, DrPH<\/strong>,<em> chair of nutrition der Harvard Universit\u00e4t<\/em><\/li>\n<li><strong>Andrew Weil, MD<\/strong>,<em> Director des Arizona Centers f\u00fcr Integrative Medizin<\/em><\/li>\n<li><strong>Guru Dev Singh<\/strong><em>, Heiler und Lehrer von Sat Nam Rasayan<\/em><\/li>\n<li><strong>Gabrielle Bernstein<\/strong>,<em> Bestsellerautor und Life Coach<\/em><\/li>\n<li><strong>Susan Blum, MD, MPH<\/strong>,<em> assistierender Klinik-Professor der medizinischen Mount Sinai School<br \/>\n<\/em><\/li>\n<li><strong>Mark Hyman, MD<\/strong>,<em> Gr\u00fcnder des UltraWellness Centers<\/em><\/li>\n<li><strong>Geneen Roth<\/strong>,<em> Pionier im Bereich \u201eEmotionales Essen und Erm\u00e4chtigung\u201c, Bestsellerautor<\/em><\/li>\n<li><strong>David Wolfe<\/strong><em>, f\u00fchrender Rohkost- und Ern\u00e4hrungsexperte<\/em><\/li>\n<li><strong>Marion Nestle, PhD, MPH<\/strong>,<em> Professor f\u00fcr Ern\u00e4hrung, Lebensmittelforschung und \u00f6ffentliche Gesundheit an der New York University<\/em><\/li>\n<li><strong>Mark Bittman<\/strong><em>, Autor der New York Times im Bereich Essen und Bestsellerautor<br \/>\n<\/em><\/li>\n<li><strong>Joel Fuhrman, MD,<\/strong><em> Familientherapeut und f\u00fchrender Experte im Bereich Heilung durch Ern\u00e4hrung (nutritional healing)<br \/>\n<\/em><\/li>\n<li><strong>Matthew Hussey,<\/strong> <em>Bestseller Autor und Beziehungsexperte<\/em><\/li>\n<li><strong>Teal Swan<\/strong>,<em> Traumatherapeutin, Spirituelle Lehrerin und Intuitive Coach<br \/>\n<\/em><\/li>\n<li><strong>Michael Wiegel<\/strong>,<em> Life Coach, Erfinder der Personal Brandbeat Methode<\/em><\/li>\n<\/ul>\n<\/div>\n<\/div><div class=\"nav fusion-mobile-tab-nav\"><ul class=\"nav-tabs nav-justified\" role=\"tablist\"><li role=\"presentation\"><a class=\"tab-link\" data-toggle=\"tab\" role=\"tab\" aria-controls=\"tab-4ed8ca996f2064d18b9\" aria-selected=\"false\" tabindex=\"-1\" id=\"mobile-fusion-tab-arbeitsweise\" href=\"#tab-4ed8ca996f2064d18b9\"><h4 class=\"fusion-tab-heading\">Arbeitsweise<\/h4><\/a><\/li><\/ul><\/div><div class=\"tab-pane fade fusion-clearfix\" role=\"tabpanel\" tabindex=\"0\" aria-labelledby=\"fusion-tab-arbeitsweise\" id=\"tab-4ed8ca996f2064d18b9\">\n<p>Ich unterst\u00fctze Menschen in ihrer Verwandlung. Mein Anliegen ist es, Dich soweit es geht in eine gesunde, gl\u00fccklichere und bewusste Lebensf\u00fchrung zu begleiten. Aufbauend auf den grundlegenden Immunisierungs- und Gesundungsprozessen im K\u00f6rper, die wir durch Detox, Cleanse und regelm\u00e4\u00dfige Bewegung herstellen k\u00f6nnen, coache ich Dich in den Bereichen der Pers\u00f6nlichkeitsfindung und Selbstverwirklichung.<\/p>\n<p><strong>Wir definieren, was Du wirklich brauchst, um Dich rundum wohl zu f\u00fchlen.<\/strong><\/p>\n<p>Wir setzen Deine Visionen ein, um Dich f\u00fcr Deine Ziele zu motivieren und Dich n\u00e4her dorthin zu bringen, wo Du eigentlich sein m\u00f6chtest. Wir gestalten Deine Gesundheitsziele in einem sinnvollen Zeitrahmen und einer f\u00fcr Dich machbaren Zielsetzung, so da\u00df Du auch ganz genau wei\u00dft, worauf Du eigentlich hin arbeitest und diesen Weg Schritt f\u00fcr Schritt gehen kannst.<\/p>\n<p>Ich begleite Dich hierbei mit all meiner Aufmerksamkeit einf\u00fchlsam und ausgleichend. Jeder Mensch besitzt die F\u00e4higkeit sein eigener Experte und Heiler zu sein: basierend auf Intuition und Selbst-Bewusstsein. Dies ist der Weg zum Ursprung Deiner nat\u00fcrlichen Vollkommenheit.<\/p>\n<\/div><\/div><\/div><div class=\"fusion-clearfix\"><\/div><\/div><\/div><div class=\"fusion-layout-column fusion_builder_column fusion-builder-column-4 fusion_builder_column_1_5 1_5 fusion-one-fifth fusion-column-last\" style=\"--awb-bg-size:cover;width:20%;width:calc(20% - ( ( 4% + 4% ) * 0.2 ) );\"><div class=\"fusion-column-wrapper fusion-flex-column-wrapper-legacy\"><div class=\"fusion-clearfix\"><\/div><\/div><\/div><\/div><\/div><div class=\"fusion-fullwidth fullwidth-box fusion-builder-row-3 nonhundred-percent-fullwidth non-hundred-percent-height-scrolling\" style=\"--awb-border-radius-top-left:0px;--awb-border-radius-top-right:0px;--awb-border-radius-bottom-right:0px;--awb-border-radius-bottom-left:0px;--awb-margin-bottom:50px;--awb-background-color:#ffffff;--awb-flex-wrap:wrap;\" ><div class=\"fusion-builder-row fusion-row\"><div class=\"fusion-layout-column fusion_builder_column fusion-builder-column-5 fusion_builder_column_1_1 1_1 fusion-one-full fusion-column-first fusion-column-last\" style=\"--awb-bg-size:cover;\"><div class=\"fusion-column-wrapper fusion-flex-column-wrapper-legacy\"><div class=\"fusion-sep-clear\"><\/div><div class=\"fusion-separator fusion-full-width-sep\" style=\"margin-left: auto;margin-right: auto;margin-bottom:50px;width:100%;\"><div class=\"fusion-separator-border sep-double\" style=\"--awb-height:20px;--awb-amount:20px;border-color:#e0dede;border-top-width:0px;border-bottom-width:0px;\"><\/div><\/div><div class=\"fusion-sep-clear\"><\/div><div class=\"fusion-text fusion-text-3\"><h5 style=\"text-align: center;\">Nimm jetzt Kontakt mit mir auf und vereinbare einen Ersttermin.<\/h5>\n<\/div><div class=\"fusion-aligncenter\"><a class=\"fusion-button button-flat button-large button-custom fusion-button-default button-1 fusion-button-default-span fusion-button-default-type\" style=\"--button_accent_color:#ffffff;--button_accent_hover_color:#ffffff;--button_border_hover_color:#ffffff;--button_border_width-top:1px;--button_border_width-right:1px;--button_border_width-bottom:1px;--button_border_width-left:1px;--button_gradient_top_color:#00e8b9;--button_gradient_bottom_color:#00e8b9;--button_gradient_top_color_hover:#000000;--button_gradient_bottom_color_hover:#000000;\" target=\"_self\" href=\"http:\/\/myhealthcoaching.de\/de\/contact\"><span class=\"fusion-button-text\">KONTAKT<\/span><\/a><\/div><div class=\"fusion-sep-clear\"><\/div><div class=\"fusion-separator fusion-full-width-sep\" style=\"margin-left: auto;margin-right: auto;margin-bottom:50px;width:100%;\"><div class=\"fusion-separator-border sep-double\" style=\"--awb-height:20px;--awb-amount:20px;border-color:#e0dede;border-top-width:0px;border-bottom-width:0px;\"><\/div><\/div><div class=\"fusion-sep-clear\"><\/div><div class=\"fusion-clearfix\"><\/div><\/div><\/div><\/div><\/div><\/p>\n","protected":false},"excerpt":{"rendered":"","protected":false},"author":1,"featured_media":0,"parent":0,"menu_order":0,"comment_status":"closed","ping_status":"closed","template":"100-width.php","meta":{"jetpack_post_was_ever_published":false,"footnotes":""},"class_list":["post-9","page","type-page","status-publish","hentry"],"aioseo_notices":[],"jetpack_sharing_enabled":true,"jetpack_shortlink":"https:\/\/wp.me\/P9GS06-9","_links":{"self":[{"href":"https:\/\/myhealthcoaching.de\/de\/wp-json\/wp\/v2\/pages\/9","targetHints":{"allow":["GET"]}}],"collection":[{"href":"https:\/\/myhealthcoaching.de\/de\/wp-json\/wp\/v2\/pages"}],"about":[{"href":"https:\/\/myhealthcoaching.de\/de\/wp-json\/wp\/v2\/types\/page"}],"author":[{"embeddable":true,"href":"https:\/\/myhealthcoaching.de\/de\/wp-json\/wp\/v2\/users\/1"}],"replies":[{"embeddable":true,"href":"https:\/\/myhealthcoaching.de\/de\/wp-json\/wp\/v2\/comments?post=9"}],"version-history":[{"count":78,"href":"https:\/\/myhealthcoaching.de\/de\/wp-json\/wp\/v2\/pages\/9\/revisions"}],"predecessor-version":[{"id":1636,"href":"https:\/\/myhealthcoaching.de\/de\/wp-json\/wp\/v2\/pages\/9\/revisions\/1636"}],"wp:attachment":[{"href":"https:\/\/myhealthcoaching.de\/de\/wp-json\/wp\/v2\/media?parent=9"}],"curies":[{"name":"wp","href":"https:\/\/api.w.org\/{rel}","templated":true}]}}