{"id":1091,"date":"2018-01-26T19:09:47","date_gmt":"2018-01-26T19:09:47","guid":{"rendered":"http:\/\/myhealthcoaching.de\/de\/?page_id=1091"},"modified":"2024-01-12T16:54:17","modified_gmt":"2024-01-12T16:54:17","slug":"detox","status":"publish","type":"page","link":"https:\/\/myhealthcoaching.de\/de\/detox","title":{"rendered":"DETOX YOUR BODY"},"content":{"rendered":"<p><div class=\"fusion-fullwidth fullwidth-box fusion-builder-row-1 hundred-percent-fullwidth non-hundred-percent-height-scrolling fusion-equal-height-columns\" style=\"--awb-border-radius-top-left:0px;--awb-border-radius-top-right:0px;--awb-border-radius-bottom-right:0px;--awb-border-radius-bottom-left:0px;--awb-margin-bottom:50px;--awb-border-sizes-top:6px;--awb-border-sizes-bottom:6px;--awb-flex-wrap:wrap;\" ><div class=\"fusion-builder-row fusion-row\"><div class=\"fusion-layout-column fusion_builder_column fusion-builder-column-0 fusion_builder_column_1_2 1_2 fusion-one-half fusion-column-first\" style=\"--awb-padding-top:0px;--awb-padding-right:0px;--awb-padding-bottom:0px;--awb-padding-left:0px;--awb-bg-size:cover;width:50%;width:calc(50% - ( ( 0 ) * 0.5 ) );margin-right: 0px;\"><div class=\"fusion-column-wrapper fusion-flex-column-wrapper-legacy\"><div class=\"fusion-image-element in-legacy-container\" style=\"--awb-caption-title-font-family:var(--h2_typography-font-family);--awb-caption-title-font-weight:var(--h2_typography-font-weight);--awb-caption-title-font-style:var(--h2_typography-font-style);--awb-caption-title-size:var(--h2_typography-font-size);--awb-caption-title-transform:var(--h2_typography-text-transform);--awb-caption-title-line-height:var(--h2_typography-line-height);--awb-caption-title-letter-spacing:var(--h2_typography-letter-spacing);\"><span class=\" fusion-imageframe imageframe-none imageframe-1 hover-type-none\"><img decoding=\"async\" width=\"1196\" height=\"1097\" title=\"Detox_body_pic_Myhealthcoaching\" src=\"http:\/\/myhealthcoaching.de\/wp-content\/uploads\/2018\/04\/Detox_body_pic_Myhealthcoaching.jpg\" alt class=\"img-responsive wp-image-1453\" srcset=\"https:\/\/myhealthcoaching.de\/wp-content\/uploads\/2018\/04\/Detox_body_pic_Myhealthcoaching-200x183.jpg 200w, https:\/\/myhealthcoaching.de\/wp-content\/uploads\/2018\/04\/Detox_body_pic_Myhealthcoaching-400x367.jpg 400w, https:\/\/myhealthcoaching.de\/wp-content\/uploads\/2018\/04\/Detox_body_pic_Myhealthcoaching-600x550.jpg 600w, https:\/\/myhealthcoaching.de\/wp-content\/uploads\/2018\/04\/Detox_body_pic_Myhealthcoaching-800x734.jpg 800w, https:\/\/myhealthcoaching.de\/wp-content\/uploads\/2018\/04\/Detox_body_pic_Myhealthcoaching.jpg 1196w\" sizes=\"(max-width: 1009px) 100vw, 600px\" \/><\/span><\/div><div class=\"fusion-clearfix\"><\/div><\/div><\/div><div class=\"fusion-layout-column fusion_builder_column fusion-builder-column-1 fusion_builder_column_1_2 1_2 fusion-one-half fusion-column-last\" style=\"--awb-padding-top:0px;--awb-padding-right:0px;--awb-padding-bottom:0px;--awb-padding-left:0px;--awb-bg-size:cover;width:50%;width:calc(50% - ( ( 0 ) * 0.5 ) );\"><div class=\"fusion-column-wrapper fusion-flex-column-wrapper-legacy\"><div class=\"fusion-image-element in-legacy-container\" style=\"--awb-caption-title-font-family:var(--h2_typography-font-family);--awb-caption-title-font-weight:var(--h2_typography-font-weight);--awb-caption-title-font-style:var(--h2_typography-font-style);--awb-caption-title-size:var(--h2_typography-font-size);--awb-caption-title-transform:var(--h2_typography-text-transform);--awb-caption-title-line-height:var(--h2_typography-line-height);--awb-caption-title-letter-spacing:var(--h2_typography-letter-spacing);\"><span class=\" fusion-imageframe imageframe-none imageframe-2 hover-type-none\"><img decoding=\"async\" width=\"1196\" height=\"1097\" title=\"Detox_body_Myhealthcoaching\" src=\"http:\/\/myhealthcoaching.de\/wp-content\/uploads\/2018\/04\/Detox_body_Myhealthcoaching.jpg\" alt class=\"img-responsive wp-image-1454\" srcset=\"https:\/\/myhealthcoaching.de\/wp-content\/uploads\/2018\/04\/Detox_body_Myhealthcoaching-200x183.jpg 200w, https:\/\/myhealthcoaching.de\/wp-content\/uploads\/2018\/04\/Detox_body_Myhealthcoaching-400x367.jpg 400w, https:\/\/myhealthcoaching.de\/wp-content\/uploads\/2018\/04\/Detox_body_Myhealthcoaching-600x550.jpg 600w, https:\/\/myhealthcoaching.de\/wp-content\/uploads\/2018\/04\/Detox_body_Myhealthcoaching-800x734.jpg 800w, https:\/\/myhealthcoaching.de\/wp-content\/uploads\/2018\/04\/Detox_body_Myhealthcoaching.jpg 1196w\" sizes=\"(max-width: 1009px) 100vw, 600px\" \/><\/span><\/div><div class=\"fusion-clearfix\"><\/div><\/div><\/div><\/div><\/div><div class=\"fusion-fullwidth fullwidth-box fusion-builder-row-2 nonhundred-percent-fullwidth non-hundred-percent-height-scrolling\" style=\"--awb-border-radius-top-left:0px;--awb-border-radius-top-right:0px;--awb-border-radius-bottom-right:0px;--awb-border-radius-bottom-left:0px;--awb-margin-top:80px;--awb-flex-wrap:wrap;\" ><div class=\"fusion-builder-row fusion-row\"><div class=\"fusion-layout-column fusion_builder_column fusion-builder-column-2 fusion_builder_column_1_6 1_6 fusion-one-sixth fusion-column-first\" style=\"--awb-bg-size:cover;width:16.666666666667%;width:calc(16.666666666667% - ( ( 4% + 4% ) * 0.16666666666667 ) );margin-right: 4%;\"><div class=\"fusion-column-wrapper fusion-flex-column-wrapper-legacy\"><div class=\"fusion-clearfix\"><\/div><\/div><\/div><div class=\"fusion-layout-column fusion_builder_column fusion-builder-column-3 fusion_builder_column_2_3 2_3 fusion-two-third\" style=\"--awb-bg-size:cover;width:66.666666666667%;width:calc(66.666666666667% - ( ( 4% + 4% ) * 0.66666666666667 ) );margin-right: 4%;\"><div class=\"fusion-column-wrapper fusion-flex-column-wrapper-legacy\"><div class=\"fusion-title title fusion-title-1 fusion-sep-none fusion-title-text fusion-title-size-one\"><h1 class=\"fusion-title-heading title-heading-left fusion-responsive-typography-calculated\" style=\"margin:0;--fontSize:54;line-height:1.6;\"><h2 style=\"text-align: left;\">Die Basis f\u00fcr Heilung ist Reinigung.<\/h2><\/h1><\/div><div class=\"fusion-sep-clear\"><\/div><div class=\"fusion-separator fusion-full-width-sep\" style=\"margin-left: auto;margin-right: auto;margin-bottom:10px;width:100%;\"><\/div><div class=\"fusion-sep-clear\"><\/div><div class=\"fusion-text fusion-text-1\"><h4>Eines der wesentlichen Geheimnisse von Gesundheit liegt im intakten Darm und in jeder einzelnen Zelle, die wir mit unserer Ern\u00e4hrung versorgen.<\/h4>\n<\/div><div class=\"fusion-text fusion-text-2\"><p>Unser K\u00f6rper besitzt die F\u00e4higkeit, sich selbst zu heilen. <strong>Die wesentliche Grundlage daf\u00fcr ist immer ein intaktes Immunsystem.<\/strong> Doch genau liegt hier der Schwachpunkt bei den meisten Menschen, die sich durch einseitige Ern\u00e4hrung, zu h\u00e4ufige Antibiotikagaben ohne anschliessende Darmaufbaukur, zu wenig Bewegung und zu viel Stress im Grunde eine Krankheit nach der anderen heran ziehen. Hier setzt die Arbeit von Detox &#038; Cleanse des K\u00f6rpers an. Die Reinigung des K\u00f6rpers und der Aufbau des Immunsystems sind eine wesentliche Basis meiner Arbeit.<\/p>\n<\/div><div class=\"fusion-sep-clear\"><\/div><div class=\"fusion-separator fusion-full-width-sep\" style=\"margin-left: auto;margin-right: auto;margin-top:20px;width:100%;\"><div class=\"fusion-separator-border sep-double\" style=\"--awb-height:20px;--awb-amount:20px;border-color:#e0dede;border-top-width:0px;border-bottom-width:0px;\"><\/div><\/div><div class=\"fusion-sep-clear\"><\/div><div class=\"fusion-clearfix\"><\/div><\/div><\/div><div class=\"fusion-layout-column fusion_builder_column fusion-builder-column-4 fusion_builder_column_1_6 1_6 fusion-one-sixth fusion-column-last\" style=\"--awb-bg-size:cover;width:16.666666666667%;width:calc(16.666666666667% - ( ( 4% + 4% ) * 0.16666666666667 ) );\"><div class=\"fusion-column-wrapper fusion-flex-column-wrapper-legacy\"><div class=\"fusion-clearfix\"><\/div><\/div><\/div><\/div><\/div><div class=\"fusion-fullwidth fullwidth-box fusion-builder-row-3 nonhundred-percent-fullwidth non-hundred-percent-height-scrolling\" style=\"--awb-border-radius-top-left:0px;--awb-border-radius-top-right:0px;--awb-border-radius-bottom-right:0px;--awb-border-radius-bottom-left:0px;--awb-margin-top:40px;--awb-background-color:#f2efea;--awb-flex-wrap:wrap;\" ><div class=\"fusion-builder-row fusion-row\"><div class=\"fusion-layout-column fusion_builder_column fusion-builder-column-5 fusion_builder_column_1_5 1_5 fusion-one-fifth fusion-column-first\" style=\"--awb-bg-size:cover;width:20%;width:calc(20% - ( ( 4% + 4% ) * 0.2 ) );margin-right: 4%;\"><div class=\"fusion-column-wrapper fusion-flex-column-wrapper-legacy\"><div class=\"fusion-clearfix\"><\/div><\/div><\/div><div class=\"fusion-layout-column fusion_builder_column fusion-builder-column-6 fusion_builder_column_3_5 3_5 fusion-three-fifth\" style=\"--awb-bg-size:cover;width:60%;width:calc(60% - ( ( 4% + 4% ) * 0.6 ) );margin-right: 4%;\"><div class=\"fusion-column-wrapper fusion-flex-column-wrapper-legacy\"><div class=\"fusion-sep-clear\"><\/div><div class=\"fusion-separator fusion-full-width-sep\" style=\"margin-left: auto;margin-right: auto;margin-top:60px;width:100%;\"><div class=\"fusion-separator-border sep-double\" style=\"--awb-height:20px;--awb-amount:20px;border-color:#e0dede;border-top-width:0px;border-bottom-width:0px;\"><\/div><\/div><div class=\"fusion-sep-clear\"><\/div><div class=\"fusion-title title fusion-title-2 fusion-sep-none fusion-title-text fusion-title-size-one\"><h1 class=\"fusion-title-heading title-heading-left fusion-responsive-typography-calculated\" style=\"margin:0;--fontSize:54;line-height:1.6;\"><h3 id=\"yui_3_17_2_1_1516129004530_258\" class=\"text-align-center\">EIN DETOX ODER CLEANSE UMFASST:<\/h3><\/h1><\/div><div class=\"fusion-text fusion-text-3\"><ul>\n<li>Besprechung Deiner Gesundheitsgeschichte<\/li>\n<li>Einf\u00fchrung in das Thema, Ursachen und Zusammenh\u00e4nge<\/li>\n<li>Vorstellung der rein nat\u00fcrlichen Detox\/Cleanse-Produkte<\/li>\n<li>Erstellung eines Gesundheitsplans<\/li>\n<li>Integration Deines pers\u00f6nlich angepassten Fitnesstrainings, Videolinks<\/li>\n<li>&#8222;Gr\u00fcne Smoothies&#8220;: Vorstellung und Zubereitung diverser Rezepte<\/li>\n<li>unterst\u00fctzende Unterlagen: einfache, gesunde Rezepte, Links, Lekt\u00fcre und Tips<\/li>\n<li>6 Sessions, auch \u00fcber Telefon oder Skype m\u00f6glich<\/li>\n<\/ul>\n<\/div><div class=\"fusion-sep-clear\"><\/div><div class=\"fusion-separator fusion-full-width-sep\" style=\"margin-left: auto;margin-right: auto;margin-top:40px;width:100%;\"><div class=\"fusion-separator-border sep-double\" style=\"--awb-height:20px;--awb-amount:20px;border-color:#e0dede;border-top-width:0px;border-bottom-width:0px;\"><\/div><\/div><div class=\"fusion-sep-clear\"><\/div><div class=\"fusion-clearfix\"><\/div><\/div><\/div><div class=\"fusion-layout-column fusion_builder_column fusion-builder-column-7 fusion_builder_column_1_5 1_5 fusion-one-fifth fusion-column-last\" style=\"--awb-bg-size:cover;width:20%;width:calc(20% - ( ( 4% + 4% ) * 0.2 ) );\"><div class=\"fusion-column-wrapper fusion-flex-column-wrapper-legacy\"><div class=\"fusion-clearfix\"><\/div><\/div><\/div><\/div><\/div><div class=\"fusion-fullwidth fullwidth-box fusion-builder-row-4 nonhundred-percent-fullwidth non-hundred-percent-height-scrolling\" style=\"--awb-border-radius-top-left:0px;--awb-border-radius-top-right:0px;--awb-border-radius-bottom-right:0px;--awb-border-radius-bottom-left:0px;--awb-margin-top:80px;--awb-flex-wrap:wrap;\" ><div class=\"fusion-builder-row fusion-row\"><div class=\"fusion-layout-column fusion_builder_column fusion-builder-column-8 fusion_builder_column_1_6 1_6 fusion-one-sixth fusion-column-first\" style=\"--awb-bg-size:cover;width:16.666666666667%;width:calc(16.666666666667% - ( ( 4% + 4% ) * 0.16666666666667 ) );margin-right: 4%;\"><div class=\"fusion-column-wrapper fusion-flex-column-wrapper-legacy\"><div class=\"fusion-clearfix\"><\/div><\/div><\/div><div class=\"fusion-layout-column fusion_builder_column fusion-builder-column-9 fusion_builder_column_2_3 2_3 fusion-two-third\" style=\"--awb-bg-size:cover;width:66.666666666667%;width:calc(66.666666666667% - ( ( 4% + 4% ) * 0.66666666666667 ) );margin-right: 4%;\"><div class=\"fusion-column-wrapper fusion-flex-column-wrapper-legacy\"><div class=\"fusion-text fusion-text-4\"><h4>Warum und Wieso Detox?<\/h4>\n<p>Detox (Entgiftung) und Cleanse (Entschlackung) bedeuten eine tiefer gehende Reinigung Deines K\u00f6rpers und Deiner K\u00f6rperzellen. F\u00fcr viele Jahrtausende alte Kulturen ist diese Art des &#8222;inneren Hausputzes&#8220; ein selbstverst\u00e4ndlicher Bestandteil des Lebens. Denn die Menschen wussten um das Geheimnis der Gesundheit und die Vorteile, die eine die Reinigung des Verdauungssystems mit sich f\u00fchrt: gesunde und vitale K\u00f6rperzellen, jugendlich frisches Aussehen, mehr Energie und Fitness, geistige Klarheit und eine stabile Immunabwehr.<\/p>\n<h4>Durch n\u00e4hrstoffarme, ver\u00e4nderte Lebensmittel, die meist stark chemisch belastet sind und chemische Gifte, die wir \u00fcber unsere Haut, die Luft und das Wasser aufnehmen, ist unser Immunsystem ziemlich \u00fcberbeansprucht.<\/h4>\n<p>Dazu kommen oft vermehrte Antibiotikagaben und \u00dcbers\u00e4uerung durch eine einseitige, s\u00e4urebildende Ern\u00e4hrung und Alkohol, die unsere Darmflora sch\u00e4digen. Viele Menschen leiden dann unter Allergien, Migr\u00e4ne, Infektionserkrankungen, \u00dcbergewicht und depressiven Verstimmungen. In vielen F\u00e4llen erhalten sie lediglich verschreibungspflichtige Medikamente, die den eigentlichen Ursachen nicht auf den Grund gehen und oftmals die Belastung des K\u00f6rpers\u00a0erh\u00f6hen.\u00a0Die funktionelle Medizin wirft einen Blick auf die urs\u00e4chlichen Probleme, nicht auf die Symptombehandlung. Dadurch ist Heilung und optimale Gesundheit m\u00f6glich.<\/p>\n<h4>Ein Detox oder Cleanse kann eine lebensver\u00e4ndernde Massnahme sein!<\/h4>\n<\/div><div class=\"fusion-sep-clear\"><\/div><div class=\"fusion-separator fusion-full-width-sep\" style=\"margin-left: auto;margin-right: auto;margin-top:30px;width:100%;\"><div class=\"fusion-separator-border sep-double\" style=\"--awb-height:20px;--awb-amount:20px;border-color:#e0dede;border-top-width:0px;border-bottom-width:0px;\"><\/div><\/div><div class=\"fusion-sep-clear\"><\/div><div class=\"fusion-clearfix\"><\/div><\/div><\/div><div class=\"fusion-layout-column fusion_builder_column fusion-builder-column-10 fusion_builder_column_1_6 1_6 fusion-one-sixth fusion-column-last\" style=\"--awb-bg-size:cover;width:16.666666666667%;width:calc(16.666666666667% - ( ( 4% + 4% ) * 0.16666666666667 ) );\"><div class=\"fusion-column-wrapper fusion-flex-column-wrapper-legacy\"><div class=\"fusion-clearfix\"><\/div><\/div><\/div><\/div><\/div><div class=\"fusion-fullwidth fullwidth-box fusion-builder-row-5 nonhundred-percent-fullwidth non-hundred-percent-height-scrolling\" style=\"--awb-border-radius-top-left:0px;--awb-border-radius-top-right:0px;--awb-border-radius-bottom-right:0px;--awb-border-radius-bottom-left:0px;--awb-margin-bottom:50px;--awb-flex-wrap:wrap;\" ><div class=\"fusion-builder-row fusion-row\"><div class=\"fusion-layout-column fusion_builder_column fusion-builder-column-11 fusion_builder_column_1_1 1_1 fusion-one-full fusion-column-first fusion-column-last\" style=\"--awb-bg-size:cover;\"><div class=\"fusion-column-wrapper fusion-flex-column-wrapper-legacy\"><div class=\"fusion-sep-clear\"><\/div><div class=\"fusion-separator fusion-full-width-sep\" style=\"margin-left: auto;margin-right: auto;margin-bottom:50px;width:100%;\"><div class=\"fusion-separator-border sep-double\" style=\"--awb-height:20px;--awb-amount:20px;border-color:#e0dede;border-top-width:0px;border-bottom-width:0px;\"><\/div><\/div><div class=\"fusion-sep-clear\"><\/div><div class=\"fusion-text fusion-text-5\"><h5 style=\"text-align: center;\">Interessiert?<\/h5>\n<\/div><div class=\"fusion-text fusion-text-6\"><h5 style=\"text-align: center;\">Nimm jetzt Kontakt mit mir auf<\/h5>\n<\/div><div class=\"fusion-aligncenter\"><a class=\"fusion-button button-flat button-xlarge button-custom fusion-button-default button-1 fusion-button-default-span \" style=\"--button_accent_color:#ffffff;--button_accent_hover_color:#ffffff;--button_border_hover_color:#ffffff;--button_border_width-top:1px;--button_border_width-right:1px;--button_border_width-bottom:1px;--button_border_width-left:1px;--button_gradient_top_color:#00e8b9;--button_gradient_bottom_color:#00e8b9;--button_gradient_top_color_hover:#000000;--button_gradient_bottom_color_hover:#000000;\" target=\"_self\" href=\"http:\/\/myhealthcoaching.de\/de\/contact\"><span class=\"fusion-button-text\">KONTAKT<\/span><\/a><\/div><div class=\"fusion-sep-clear\"><\/div><div class=\"fusion-separator fusion-full-width-sep\" style=\"margin-left: auto;margin-right: auto;margin-bottom:50px;width:100%;\"><div class=\"fusion-separator-border sep-double\" style=\"--awb-height:20px;--awb-amount:20px;border-color:#e0dede;border-top-width:0px;border-bottom-width:0px;\"><\/div><\/div><div class=\"fusion-sep-clear\"><\/div><div class=\"fusion-clearfix\"><\/div><\/div><\/div><\/div><\/div><\/p>\n","protected":false},"excerpt":{"rendered":"","protected":false},"author":1,"featured_media":0,"parent":0,"menu_order":0,"comment_status":"closed","ping_status":"closed","template":"100-width.php","meta":{"jetpack_post_was_ever_published":false,"footnotes":""},"class_list":["post-1091","page","type-page","status-publish","hentry"],"aioseo_notices":[],"jetpack_sharing_enabled":true,"jetpack_shortlink":"https:\/\/wp.me\/P9GS06-hB","_links":{"self":[{"href":"https:\/\/myhealthcoaching.de\/de\/wp-json\/wp\/v2\/pages\/1091","targetHints":{"allow":["GET"]}}],"collection":[{"href":"https:\/\/myhealthcoaching.de\/de\/wp-json\/wp\/v2\/pages"}],"about":[{"href":"https:\/\/myhealthcoaching.de\/de\/wp-json\/wp\/v2\/types\/page"}],"author":[{"embeddable":true,"href":"https:\/\/myhealthcoaching.de\/de\/wp-json\/wp\/v2\/users\/1"}],"replies":[{"embeddable":true,"href":"https:\/\/myhealthcoaching.de\/de\/wp-json\/wp\/v2\/comments?post=1091"}],"version-history":[{"count":46,"href":"https:\/\/myhealthcoaching.de\/de\/wp-json\/wp\/v2\/pages\/1091\/revisions"}],"predecessor-version":[{"id":1678,"href":"https:\/\/myhealthcoaching.de\/de\/wp-json\/wp\/v2\/pages\/1091\/revisions\/1678"}],"wp:attachment":[{"href":"https:\/\/myhealthcoaching.de\/de\/wp-json\/wp\/v2\/media?parent=1091"}],"curies":[{"name":"wp","href":"https:\/\/api.w.org\/{rel}","templated":true}]}}