{"id":1079,"date":"2018-01-26T18:33:31","date_gmt":"2018-01-26T18:33:31","guid":{"rendered":"http:\/\/myhealthcoaching.de\/de\/?page_id=1079"},"modified":"2018-07-15T10:40:42","modified_gmt":"2018-07-15T10:40:42","slug":"whatishealthcoaching","status":"publish","type":"page","link":"https:\/\/myhealthcoaching.de\/de\/whatishealthcoaching","title":{"rendered":"Coaching Sant\u00e9?"},"content":{"rendered":"<p><div class=\"fusion-fullwidth fullwidth-box fusion-builder-row-1 nonhundred-percent-fullwidth non-hundred-percent-height-scrolling\" style=\"--awb-border-radius-top-left:0px;--awb-border-radius-top-right:0px;--awb-border-radius-bottom-right:0px;--awb-border-radius-bottom-left:0px;--awb-margin-top:80px;--awb-flex-wrap:wrap;\" ><div class=\"fusion-builder-row fusion-row\"><div class=\"fusion-layout-column fusion_builder_column fusion-builder-column-0 fusion_builder_column_1_6 1_6 fusion-one-sixth fusion-column-first\" style=\"--awb-bg-size:cover;width:16.666666666667%;width:calc(16.666666666667% - ( ( 4% + 4% ) * 0.16666666666667 ) );margin-right: 4%;\"><div class=\"fusion-column-wrapper fusion-flex-column-wrapper-legacy\"><div class=\"fusion-clearfix\"><\/div><\/div><\/div><div class=\"fusion-layout-column fusion_builder_column fusion-builder-column-1 fusion_builder_column_2_3 2_3 fusion-two-third\" style=\"--awb-bg-size:cover;width:66.666666666667%;width:calc(66.666666666667% - ( ( 4% + 4% ) * 0.66666666666667 ) );margin-right: 4%;\"><div class=\"fusion-column-wrapper fusion-flex-column-wrapper-legacy\"><div class=\"fusion-title title fusion-title-1 fusion-sep-none fusion-title-text fusion-title-size-one\"><h1 class=\"fusion-title-heading title-heading-left fusion-responsive-typography-calculated\" style=\"margin:0;--fontSize:54;line-height:1.6;\"><h2>Holistic Health Coaching<\/h2><\/h1><\/div><div class=\"fusion-sep-clear\"><\/div><div class=\"fusion-separator fusion-full-width-sep\" style=\"margin-left: auto;margin-right: auto;margin-top:20px;margin-bottom:40px;width:100%;\"><div class=\"fusion-separator-border sep-single sep-solid\" style=\"--awb-height:20px;--awb-amount:20px;--awb-sep-color:#383535;border-color:#383535;border-top-width:1px;\"><\/div><\/div><div class=\"fusion-sep-clear\"><\/div><div class=\"fusion-text fusion-text-1\"><h4 style=\"text-align: center;\">Holistic Health Coaching ist die effektive Methode zu einem rundum ges\u00fcnderen, gl\u00fccklicheren und selbstbewussten Leben.<\/h4>\n<h4 style=\"text-align: center;\"><\/h4>\n<h4><\/h4>\n<\/div><div class=\"fusion-sep-clear\"><\/div><div class=\"fusion-separator fusion-full-width-sep\" style=\"margin-left: auto;margin-right: auto;margin-top:20px;margin-bottom:20px;width:100%;\"><div class=\"fusion-separator-border sep-single sep-solid\" style=\"--awb-height:20px;--awb-amount:20px;--awb-sep-color:#383535;border-color:#383535;border-top-width:1px;\"><\/div><\/div><div class=\"fusion-sep-clear\"><\/div><div class=\"fusion-text fusion-text-2\"><p style=\"text-align: left;\">Jeder Mensch will sich gut f\u00fchlen. Gl\u00fccklich sein. Dazu geh\u00f6rt Gesundheit, k\u00f6rperlich und geistig, Zufriedenheit mit sich und seinem Leben, und mit dem oder das uns umgibt. Und die F\u00e4higkeit mit den nat\u00fcrlichen Herausforderungen des Lebens umgehen zu k\u00f6nnen. Health Coaching ist der Weg, diese Form der k\u00f6rperlich-geistigen Balance in Deinem Leben wieder herzustellen.<\/p>\n<h4><\/h4>\n<\/div><div class=\"fusion-clearfix\"><\/div><\/div><\/div><div class=\"fusion-layout-column fusion_builder_column fusion-builder-column-2 fusion_builder_column_1_6 1_6 fusion-one-sixth fusion-column-last\" style=\"--awb-bg-size:cover;width:16.666666666667%;width:calc(16.666666666667% - ( ( 4% + 4% ) * 0.16666666666667 ) );\"><div class=\"fusion-column-wrapper fusion-flex-column-wrapper-legacy\"><div class=\"fusion-clearfix\"><\/div><\/div><\/div><\/div><\/div><div class=\"fusion-fullwidth fullwidth-box fusion-builder-row-2 nonhundred-percent-fullwidth non-hundred-percent-height-scrolling\" style=\"--awb-border-radius-top-left:0px;--awb-border-radius-top-right:0px;--awb-border-radius-bottom-right:0px;--awb-border-radius-bottom-left:0px;--awb-margin-top:50px;--awb-background-color:#f2efea;--awb-flex-wrap:wrap;\" ><div class=\"fusion-builder-row fusion-row\"><div class=\"fusion-layout-column fusion_builder_column fusion-builder-column-3 fusion_builder_column_1_5 1_5 fusion-one-fifth fusion-column-first\" style=\"--awb-bg-size:cover;width:20%;width:calc(20% - ( ( 4% + 4% ) * 0.2 ) );margin-right: 4%;\"><div class=\"fusion-column-wrapper fusion-flex-column-wrapper-legacy\"><div class=\"fusion-clearfix\"><\/div><\/div><\/div><div class=\"fusion-layout-column fusion_builder_column fusion-builder-column-4 fusion_builder_column_3_5 3_5 fusion-three-fifth\" style=\"--awb-bg-size:cover;width:60%;width:calc(60% - ( ( 4% + 4% ) * 0.6 ) );margin-right: 4%;\"><div class=\"fusion-column-wrapper fusion-flex-column-wrapper-legacy\"><div class=\"fusion-sep-clear\"><\/div><div class=\"fusion-separator fusion-full-width-sep\" style=\"margin-left: auto;margin-right: auto;margin-top:50px;width:100%;\"><div class=\"fusion-separator-border sep-double\" style=\"--awb-height:20px;--awb-amount:20px;border-color:#e0dede;border-top-width:0px;border-bottom-width:0px;\"><\/div><\/div><div class=\"fusion-sep-clear\"><\/div><div class=\"fusion-title title fusion-title-2 fusion-sep-none fusion-title-text fusion-title-size-one\"><h1 class=\"fusion-title-heading title-heading-left fusion-responsive-typography-calculated\" style=\"margin:0;--fontSize:54;line-height:1.6;\"><h3 id=\"yui_3_17_2_1_1516129004530_258\" class=\"text-align-center\">GANZHEITLICHES GESUNDHEITSCOACHING UMFASST:<\/h3><\/h1><\/div><div class=\"fusion-text fusion-text-3\"><ul>\n<li>Aufstellung Deiner Gesundheitsgeschichte<\/li>\n<li>Feststellung Deiner lang- und kurzfristigen Gesundheitsziele in allen Lebensbereichen<\/li>\n<li>Aufschl\u00fcsseln Deiner individuellen Bed\u00fcrfnisse<\/li>\n<li>Erstellung eines Gesundheitsplans:\u00a0Aufstellen machbarer Schritte zum Erfolg<\/li>\n<li>Bewusstseinsarbeit<\/li>\n<li>Kl\u00e4rung und Aufl\u00f6sung eventueller Blockaden, Traumata, Muster<\/li>\n<li>regelm\u00e4ssiger Austausch und Beratung durch den Coach<\/li>\n<li>unterst\u00fctzende Unterlagen: einfache, gesunde Rezepte, Links, Lekt\u00fcre und Tips<\/li>\n<li>Angebot zus\u00e4tzlich sinnvoller Behandlungen und Massnahmen<br \/>\n<em>(Sat Nam Rasayan, Meditation Training, Space Clearing, etc.)<\/em><\/li>\n<\/ul>\n<\/div><div class=\"fusion-sep-clear\"><\/div><div class=\"fusion-separator fusion-full-width-sep\" style=\"margin-left: auto;margin-right: auto;margin-top:30px;width:100%;\"><div class=\"fusion-separator-border sep-double\" style=\"--awb-height:20px;--awb-amount:20px;border-color:#e0dede;border-top-width:0px;border-bottom-width:0px;\"><\/div><\/div><div class=\"fusion-sep-clear\"><\/div><div class=\"fusion-clearfix\"><\/div><\/div><\/div><div class=\"fusion-layout-column fusion_builder_column fusion-builder-column-5 fusion_builder_column_1_5 1_5 fusion-one-fifth fusion-column-last\" style=\"--awb-bg-size:cover;width:20%;width:calc(20% - ( ( 4% + 4% ) * 0.2 ) );\"><div class=\"fusion-column-wrapper fusion-flex-column-wrapper-legacy\"><div class=\"fusion-clearfix\"><\/div><\/div><\/div><\/div><\/div><div class=\"fusion-fullwidth fullwidth-box fusion-builder-row-3 nonhundred-percent-fullwidth non-hundred-percent-height-scrolling\" style=\"--awb-border-radius-top-left:0px;--awb-border-radius-top-right:0px;--awb-border-radius-bottom-right:0px;--awb-border-radius-bottom-left:0px;--awb-margin-top:60px;--awb-flex-wrap:wrap;\" ><div class=\"fusion-builder-row fusion-row\"><div class=\"fusion-layout-column fusion_builder_column fusion-builder-column-6 fusion_builder_column_1_6 1_6 fusion-one-sixth fusion-column-first\" style=\"--awb-bg-size:cover;width:16.666666666667%;width:calc(16.666666666667% - ( ( 4% + 4% ) * 0.16666666666667 ) );margin-right: 4%;\"><div class=\"fusion-column-wrapper fusion-flex-column-wrapper-legacy\"><div class=\"fusion-clearfix\"><\/div><\/div><\/div><div class=\"fusion-layout-column fusion_builder_column fusion-builder-column-7 fusion_builder_column_2_3 2_3 fusion-two-third\" style=\"--awb-bg-size:cover;width:66.666666666667%;width:calc(66.666666666667% - ( ( 4% + 4% ) * 0.66666666666667 ) );margin-right: 4%;\"><div class=\"fusion-column-wrapper fusion-flex-column-wrapper-legacy\"><div class=\"fusion-title title fusion-title-3 fusion-sep-none fusion-title-text fusion-title-size-one\"><h1 class=\"fusion-title-heading title-heading-left fusion-responsive-typography-calculated\" style=\"margin:0;--fontSize:54;line-height:1.6;\"><h5 style=\"text-align: left;\">Die Ausgangssituation<\/h5><\/h1><\/div><div class=\"fusion-text fusion-text-4\"><p>Viele Menschen leiden. Sie leiden an Verdauungsbeschwerden, chronischen Magenverstimmungen, an chronischen R\u00fcckenschmerzen, an \u00dcbergewicht, Allergien, Asthma, Bluthochdruck,\u00a0H\u00e4mmorrhoiden, Migr\u00e4ne oder an depressiven Verstimmungen. Sie f\u00fchlen sich ungl\u00fccklich und ausgelaugt oder f\u00fchlen sich trotz der eigentlichen Erf\u00fcllung ihrer W\u00fcnsche und Ziele irgendwie unerf\u00fcllt. Sie leiden an Prokrastination und Verblendung, sie verrichten eine Arbeit, die sie nicht m\u00f6gen oder leben mit einem Menschen, den sie nicht lieben k\u00f6nnen. Viele Menschen verbrauchen ihre ganze Energie f\u00fcr Aufgaben, die sie nicht bew\u00e4ltigen k\u00f6nnen und f\u00fcr einen Terminkalender, der sie nachts nicht mehr schlafen l\u00e4sst. Oder Familie und Beruf sind ihr Grund geworden, dass sie sich nicht mehr um sich selbst sorgen. Viele haben Verantwortung f\u00fcr andere \u00fcbernommen - aber keine Zeit oder M\u00f6glichkeit mehr f\u00fcr sich selbst da zu sein.<\/p>\n<p>Hinzu kommt die meist sehr einseitig betrachtete Symptombehandlung von spezialisierten \u00c4rzten, die den wahren Ursachen der Beschwerden oft nicht auf den Grund gehen und die gr\u00f6sseren Zusammenh\u00e4nge nicht sehen. Viele der modernen Behandlungsmethoden bringen - wenn \u00fcberhaupt - daher meist auch nur kurzzeitige Besserung.<\/p>\n<\/div><div class=\"fusion-text fusion-text-5\"><p>Die moderne Medizin hat durch Spezialisierung enorme Erfolge in ihren Einzelbereichen erzielen k\u00f6nnen. Doch ist die Ausrichtung stets auf die Beseitigung von Symptomen ausgerichtet und weniger auf die der Ursachen. Als Gesundheitscoach arbeite ich nach den Prinzipien der funktionellen Medizin. Sie betrachtet den Menschen als Ganzes, in Bezug auf seine Gesundheitsgeschichte, Veranlagungen, Vererbungen, die momentane Lebenssituation und den Lebensstil, Traumata oder im K\u00f6rper gespeicherte Emotionen, etc.<\/p>\n<\/div><div class=\"fusion-clearfix\"><\/div><\/div><\/div><div class=\"fusion-layout-column fusion_builder_column fusion-builder-column-8 fusion_builder_column_1_6 1_6 fusion-one-sixth fusion-column-last\" style=\"--awb-bg-size:cover;width:16.666666666667%;width:calc(16.666666666667% - ( ( 4% + 4% ) * 0.16666666666667 ) );\"><div class=\"fusion-column-wrapper fusion-flex-column-wrapper-legacy\"><div class=\"fusion-clearfix\"><\/div><\/div><\/div><\/div><\/div><div class=\"fusion-fullwidth fullwidth-box fusion-builder-row-4 nonhundred-percent-fullwidth non-hundred-percent-height-scrolling\" style=\"--awb-border-radius-top-left:0px;--awb-border-radius-top-right:0px;--awb-border-radius-bottom-right:0px;--awb-border-radius-bottom-left:0px;--awb-flex-wrap:wrap;\" ><div class=\"fusion-builder-row fusion-row\"><div class=\"fusion-layout-column fusion_builder_column fusion-builder-column-9 fusion_builder_column_1_6 1_6 fusion-one-sixth fusion-column-first\" style=\"--awb-bg-size:cover;width:16.666666666667%;width:calc(16.666666666667% - ( ( 4% + 4% ) * 0.16666666666667 ) );margin-right: 4%;\"><div class=\"fusion-column-wrapper fusion-flex-column-wrapper-legacy\"><div class=\"fusion-clearfix\"><\/div><\/div><\/div><div class=\"fusion-layout-column fusion_builder_column fusion-builder-column-10 fusion_builder_column_2_3 2_3 fusion-two-third\" style=\"--awb-bg-size:cover;width:66.666666666667%;width:calc(66.666666666667% - ( ( 4% + 4% ) * 0.66666666666667 ) );margin-right: 4%;\"><div class=\"fusion-column-wrapper fusion-flex-column-wrapper-legacy\"><div class=\"fusion-sep-clear\"><\/div><div class=\"fusion-separator fusion-full-width-sep\" style=\"margin-left: auto;margin-right: auto;margin-top:50px;width:100%;\"><div class=\"fusion-separator-border sep-double\" style=\"--awb-height:20px;--awb-amount:20px;border-color:#e0dede;border-top-width:0px;border-bottom-width:0px;\"><\/div><\/div><div class=\"fusion-sep-clear\"><\/div><div class=\"fusion-image-element fusion-image-align-center in-legacy-container\" style=\"text-align:center;--awb-caption-title-font-family:var(--h2_typography-font-family);--awb-caption-title-font-weight:var(--h2_typography-font-weight);--awb-caption-title-font-style:var(--h2_typography-font-style);--awb-caption-title-size:var(--h2_typography-font-size);--awb-caption-title-transform:var(--h2_typography-text-transform);--awb-caption-title-line-height:var(--h2_typography-line-height);--awb-caption-title-letter-spacing:var(--h2_typography-letter-spacing);\"><div class=\"imageframe-align-center\"><span class=\" fusion-imageframe imageframe-none imageframe-2 hover-type-none\"><img decoding=\"async\" width=\"313\" height=\"26\" title=\"Logo_Myhealthcoaching\" src=\"http:\/\/myhealthcoaching.de\/wp-content\/uploads\/2018\/01\/Logo_Myhealthcoaching-1.png\" alt class=\"img-responsive wp-image-969\" srcset=\"https:\/\/myhealthcoaching.de\/wp-content\/uploads\/2018\/01\/Logo_Myhealthcoaching-1-200x17.png 200w, https:\/\/myhealthcoaching.de\/wp-content\/uploads\/2018\/01\/Logo_Myhealthcoaching-1.png 313w\" sizes=\"(max-width: 1009px) 100vw, 313px\" \/><\/span><\/div><\/div><div class=\"fusion-sep-clear\"><\/div><div class=\"fusion-separator fusion-full-width-sep\" style=\"margin-left: auto;margin-right: auto;margin-top:20px;margin-bottom:40px;width:100%;\"><div class=\"fusion-separator-border sep-single sep-solid\" style=\"--awb-height:20px;--awb-amount:20px;--awb-sep-color:#383535;border-color:#383535;border-top-width:1px;\"><\/div><\/div><div class=\"fusion-sep-clear\"><\/div><div class=\"fusion-text fusion-text-6\"><h4 style=\"text-align: center;\">Der Mensch sollte in seiner komplexen Form gesehen werden, in der alle Bereiche ineinander wirken. Dies ist die Grundlage meiner Arbeit.<\/h4>\n<\/div><div class=\"fusion-sep-clear\"><\/div><div class=\"fusion-separator fusion-full-width-sep\" style=\"margin-left: auto;margin-right: auto;margin-top:20px;margin-bottom:20px;width:100%;\"><div class=\"fusion-separator-border sep-single sep-solid\" style=\"--awb-height:20px;--awb-amount:20px;--awb-sep-color:#383535;border-color:#383535;border-top-width:1px;\"><\/div><\/div><div class=\"fusion-sep-clear\"><\/div><div class=\"fusion-clearfix\"><\/div><\/div><\/div><div class=\"fusion-layout-column fusion_builder_column fusion-builder-column-11 fusion_builder_column_1_6 1_6 fusion-one-sixth fusion-column-last\" style=\"--awb-bg-size:cover;width:16.666666666667%;width:calc(16.666666666667% - ( ( 4% + 4% ) * 0.16666666666667 ) );\"><div class=\"fusion-column-wrapper fusion-flex-column-wrapper-legacy\"><div class=\"fusion-clearfix\"><\/div><\/div><\/div><\/div><\/div><div class=\"fusion-fullwidth fullwidth-box fusion-builder-row-5 nonhundred-percent-fullwidth non-hundred-percent-height-scrolling\" style=\"--awb-border-radius-top-left:0px;--awb-border-radius-top-right:0px;--awb-border-radius-bottom-right:0px;--awb-border-radius-bottom-left:0px;--awb-flex-wrap:wrap;\" ><div class=\"fusion-builder-row fusion-row\"><div class=\"fusion-layout-column fusion_builder_column fusion-builder-column-12 fusion_builder_column_1_6 1_6 fusion-one-sixth fusion-column-first\" style=\"--awb-bg-size:cover;width:16.666666666667%;width:calc(16.666666666667% - ( ( 4% + 4% ) * 0.16666666666667 ) );margin-right: 4%;\"><div class=\"fusion-column-wrapper fusion-flex-column-wrapper-legacy\"><div class=\"fusion-clearfix\"><\/div><\/div><\/div><div class=\"fusion-layout-column fusion_builder_column fusion-builder-column-13 fusion_builder_column_2_3 2_3 fusion-two-third\" style=\"--awb-bg-size:cover;width:66.666666666667%;width:calc(66.666666666667% - ( ( 4% + 4% ) * 0.66666666666667 ) );margin-right: 4%;\"><div class=\"fusion-column-wrapper fusion-flex-column-wrapper-legacy\"><div class=\"fusion-text fusion-text-7\"><p style=\"text-align: left;\">Eine ganzheitliche Gesundheitsberatung umschliesst alle Bereiche Deines Lebens und Deiner Pers\u00f6nlichkeit.\u00a0Durch die begleitete Analyse, Behandlung und Beratung k\u00f6nnen pers\u00f6nliche Ziele festgesteckt, bestehende Glaubenss\u00e4tze aufgel\u00f6st und neues Selbstvertrauen gefunden werden. Du erh\u00e4ltst die n\u00f6tige Aufmerksamkeit um herauszufinden, was f\u00fcr Dich pers\u00f6nlich in diesem Abschnitt Deines Lebens das richtige ist und bekommst die Unterst\u00fctzung, Ver\u00e4nderungen auch langfristig umzusetzen.<\/p>\n<\/div><div class=\"fusion-text fusion-text-8\"><p>Unser K\u00f6rper hat unter den richtigen Umst\u00e4nden die F\u00e4higkeit, sich selbst zu heilen. <strong>Die wesentliche Grundlage daf\u00fcr ist immer ein intaktes Immunsystem.<\/strong> Doch genau liegt hier der Schwachpunkt bei den meisten Menschen, die sich durch einseitige Ern\u00e4hrung, zu h\u00e4ufige Antibiotikagaben ohne anschliessende Darmaufbaukur, zu wenig Bewegung und zu viel Stress im Grunde eine Krankheit nach der anderen heran ziehen. Hier setzt die Arbeit von <a href=\"http:\/\/myhealthcoaching.de\/de\/detox\">Detox & Cleanse<\/a> des K\u00f6rpers an. Die Reinigung des K\u00f6rpers und der Aufbau des Immunsystems sind eine wesentliche Basis meiner Arbeit.<\/p>\n<p><strong>Der weiterer gro\u00dfer Baustein meiner Arbeit ist die Bewusstseinsarbeit und mentale Stressreduktion.<\/strong> Gemeinsam k\u00f6nnen unbewusst gespeicherte traumatische Erfahrungen aufgel\u00f6st und falsche Glaubenss\u00e4tze positiv ver\u00e4ndert werden, um Dich der Erf\u00fcllung Deiner Ziele n\u00e4her bringen. Mit Hilfe von mentalen Techniken kannst Du Stress abbauen, die Gedankenstr\u00f6me ausblenden und Klarheit finden. Stress \u00e4u\u00dfert sich in vielen verschiedenen Formen. Diesen Mechanismen auf den Grund zu gehen und herauszufinden, wo Du weg von Deinem eigentlichen Sein und mehr in Wunschvorstellungen anderer gefangen bist, k\u00f6nnen Dich unterst\u00fctzen auf dem Weg in ein befreites, selbst-bewusstes Leben.<\/p>\n<p>Die Verbindung aus der k\u00f6rperlich - geistig- seelischen Arbeit in Bezug auf Bewusstwerdung, Akzeptanz und St\u00e4rkung f\u00fchrt zu Heilung und Transformation. Sie beschreibt die Ganzheitliche oder auch Holistische Gesundheitsberatung.<\/p>\n<\/div><div class=\"fusion-sep-clear\"><\/div><div class=\"fusion-separator fusion-full-width-sep\" style=\"margin-left: auto;margin-right: auto;margin-top:20px;width:100%;\"><div class=\"fusion-separator-border sep-double\" style=\"--awb-height:20px;--awb-amount:20px;border-color:#e0dede;border-top-width:0px;border-bottom-width:0px;\"><\/div><\/div><div class=\"fusion-sep-clear\"><\/div><div class=\"fusion-clearfix\"><\/div><\/div><\/div><div class=\"fusion-layout-column fusion_builder_column fusion-builder-column-14 fusion_builder_column_1_6 1_6 fusion-one-sixth fusion-column-last\" style=\"--awb-bg-size:cover;width:16.666666666667%;width:calc(16.666666666667% - ( ( 4% + 4% ) * 0.16666666666667 ) );\"><div class=\"fusion-column-wrapper fusion-flex-column-wrapper-legacy\"><div class=\"fusion-clearfix\"><\/div><\/div><\/div><\/div><\/div><div class=\"fusion-fullwidth fullwidth-box fusion-builder-row-6 nonhundred-percent-fullwidth non-hundred-percent-height-scrolling\" style=\"--awb-border-radius-top-left:0px;--awb-border-radius-top-right:0px;--awb-border-radius-bottom-right:0px;--awb-border-radius-bottom-left:0px;--awb-margin-top:40px;--awb-flex-wrap:wrap;\" ><div class=\"fusion-builder-row fusion-row\"><div class=\"fusion-layout-column fusion_builder_column fusion-builder-column-15 fusion_builder_column_1_6 1_6 fusion-one-sixth fusion-column-first\" style=\"--awb-bg-size:cover;width:16.666666666667%;width:calc(16.666666666667% - ( ( 4% + 4% ) * 0.16666666666667 ) );margin-right: 4%;\"><div class=\"fusion-column-wrapper fusion-flex-column-wrapper-legacy\"><div class=\"fusion-clearfix\"><\/div><\/div><\/div><div class=\"fusion-layout-column fusion_builder_column fusion-builder-column-16 fusion_builder_column_2_3 2_3 fusion-two-third\" style=\"--awb-bg-size:cover;width:66.666666666667%;width:calc(66.666666666667% - ( ( 4% + 4% ) * 0.66666666666667 ) );margin-right: 4%;\"><div class=\"fusion-column-wrapper fusion-flex-column-wrapper-legacy\"><div class=\"fusion-title title fusion-title-4 fusion-sep-none fusion-title-text fusion-title-size-one\"><h1 class=\"fusion-title-heading title-heading-left fusion-responsive-typography-calculated\" style=\"margin:0;--fontSize:54;line-height:1.6;\"><h5 style=\"text-align: left;\">Glossar<\/h5><\/h1><\/div><div class=\"fusion-flip-boxes flip-boxes row fusion-columns-1 flip-effect-classic\"><div class=\"fusion-flip-box-wrapper fusion-column col-lg-12 col-md-12 col-sm-12\"><div class=\"fusion-flip-box flip-right\" tabindex=\"0\"><div class=\"flip-box-inner-wrapper\"><div class=\"flip-box-front\"><div class=\"flip-box-front-inner\"><h2 class=\"flip-box-heading without-text\">WAS IST FUNKTIONELLE MEDIZIN?<\/h2><\/div><\/div><div class=\"flip-box-back\"><div class=\"flip-box-back-inner\"><h3 class=\"flip-box-heading-back\">DAS MODELL DER FUNKTIONELLEN MEDIZIN<\/h3>\n<p>ist ein individualisierter, patientenzentrierter, wissenschaftlich fundierter Ansatz, der es Patienten und \u00c4rzten erm\u00f6glicht, gemeinsam an den zugrunde liegenden Krankheitsursachen zu arbeiten und ein optimales Wohlbefinden zu f\u00f6rdern. Es erfordert ein detailliertes Verst\u00e4ndnis der genetischen, biochemischen und Lebensstilfaktoren jedes Patienten und nutzt diese Daten, um personalisierte Behandlungspl\u00e4ne zu erstellen, die zu verbesserten Patientenergebnissen f\u00fchren.<\/p>\n<p>Durch die Adressierung der Ursache statt der Symptome werden die Praktiker darauf ausgerichtet, die Komplexit\u00e4t der Krankheit zu erkennen. Sie k\u00f6nnen feststellen, dass eine Bedingung viele verschiedene Ursachen hat und eine Ursache viele verschiedene Bedingungen zur Folge haben kann. Als Ergebnis zielt die Behandlung der funktionellen Medizin auf die spezifischen Manifestationen der Krankheit in jedem Individuum ab.<\/p>\n<p><a href=\"https:\/\/www.ifm.org\"><em>The Institute of Functional Medicine\u00ae<\/em><\/a><\/p>\n<\/div><\/div><\/div><\/div><\/div><\/div><div class=\"clearfix\"><\/div><div class=\"fusion-clearfix\"><\/div><\/div><\/div><div class=\"fusion-layout-column fusion_builder_column fusion-builder-column-17 fusion_builder_column_1_6 1_6 fusion-one-sixth fusion-column-last\" style=\"--awb-bg-size:cover;width:16.666666666667%;width:calc(16.666666666667% - ( ( 4% + 4% ) * 0.16666666666667 ) );\"><div class=\"fusion-column-wrapper fusion-flex-column-wrapper-legacy\"><div class=\"fusion-clearfix\"><\/div><\/div><\/div><\/div><\/div><div class=\"fusion-fullwidth fullwidth-box fusion-builder-row-7 nonhundred-percent-fullwidth non-hundred-percent-height-scrolling\" style=\"--awb-border-radius-top-left:0px;--awb-border-radius-top-right:0px;--awb-border-radius-bottom-right:0px;--awb-border-radius-bottom-left:0px;--awb-margin-bottom:50px;--awb-flex-wrap:wrap;\" ><div class=\"fusion-builder-row fusion-row\"><div class=\"fusion-layout-column fusion_builder_column fusion-builder-column-18 fusion_builder_column_1_1 1_1 fusion-one-full fusion-column-first fusion-column-last\" style=\"--awb-bg-size:cover;\"><div class=\"fusion-column-wrapper fusion-flex-column-wrapper-legacy\"><div class=\"fusion-sep-clear\"><\/div><div class=\"fusion-separator fusion-full-width-sep\" style=\"margin-left: auto;margin-right: auto;margin-bottom:50px;width:100%;\"><div class=\"fusion-separator-border sep-double\" style=\"--awb-height:20px;--awb-amount:20px;border-color:#e0dede;border-top-width:0px;border-bottom-width:0px;\"><\/div><\/div><div class=\"fusion-sep-clear\"><\/div><div class=\"fusion-text fusion-text-9\"><h5 style=\"text-align: center;\">Hier kommen wir am schnellsten zueinander<\/h5>\n<\/div><div class=\"fusion-aligncenter\"><a class=\"fusion-button button-flat button-xlarge button-custom fusion-button-default button-1 fusion-button-default-span \" style=\"--button_accent_color:#ffffff;--button_accent_hover_color:#ffffff;--button_border_hover_color:#ffffff;--button_border_width-top:1px;--button_border_width-right:1px;--button_border_width-bottom:1px;--button_border_width-left:1px;--button_gradient_top_color:#00e8b9;--button_gradient_bottom_color:#00e8b9;--button_gradient_top_color_hover:#000000;--button_gradient_bottom_color_hover:#000000;\" target=\"_self\" href=\"http:\/\/myhealthcoaching.de\/de\/contact\"><span class=\"fusion-button-text\">KONTAKT<\/span><\/a><\/div><div class=\"fusion-sep-clear\"><\/div><div class=\"fusion-separator fusion-full-width-sep\" style=\"margin-left: auto;margin-right: auto;margin-bottom:50px;width:100%;\"><div class=\"fusion-separator-border sep-double\" style=\"--awb-height:20px;--awb-amount:20px;border-color:#e0dede;border-top-width:0px;border-bottom-width:0px;\"><\/div><\/div><div class=\"fusion-sep-clear\"><\/div><div class=\"fusion-clearfix\"><\/div><\/div><\/div><\/div><\/div><\/p>\n","protected":false},"excerpt":{"rendered":"","protected":false},"author":1,"featured_media":0,"parent":0,"menu_order":0,"comment_status":"closed","ping_status":"closed","template":"100-width.php","meta":{"jetpack_post_was_ever_published":false,"footnotes":""},"class_list":["post-1079","page","type-page","status-publish","hentry"],"aioseo_notices":[],"jetpack_sharing_enabled":true,"jetpack_shortlink":"https:\/\/wp.me\/P9GS06-hp","_links":{"self":[{"href":"https:\/\/myhealthcoaching.de\/de\/wp-json\/wp\/v2\/pages\/1079","targetHints":{"allow":["GET"]}}],"collection":[{"href":"https:\/\/myhealthcoaching.de\/de\/wp-json\/wp\/v2\/pages"}],"about":[{"href":"https:\/\/myhealthcoaching.de\/de\/wp-json\/wp\/v2\/types\/page"}],"author":[{"embeddable":true,"href":"https:\/\/myhealthcoaching.de\/de\/wp-json\/wp\/v2\/users\/1"}],"replies":[{"embeddable":true,"href":"https:\/\/myhealthcoaching.de\/de\/wp-json\/wp\/v2\/comments?post=1079"}],"version-history":[{"count":37,"href":"https:\/\/myhealthcoaching.de\/de\/wp-json\/wp\/v2\/pages\/1079\/revisions"}],"predecessor-version":[{"id":1548,"href":"https:\/\/myhealthcoaching.de\/de\/wp-json\/wp\/v2\/pages\/1079\/revisions\/1548"}],"wp:attachment":[{"href":"https:\/\/myhealthcoaching.de\/de\/wp-json\/wp\/v2\/media?parent=1079"}],"curies":[{"name":"wp","href":"https:\/\/api.w.org\/{rel}","templated":true}]}}